{"id":1143,"date":"2024-10-30T11:43:13","date_gmt":"2024-10-30T10:43:13","guid":{"rendered":"https:\/\/webemfesa.desarrollo.guadaltel.es\/emfesa\/?page_id=1143"},"modified":"2025-06-06T14:20:05","modified_gmt":"2025-06-06T12:20:05","slug":"politica-pivacidad","status":"publish","type":"page","link":"https:\/\/www.emfesa.es\/emfesa\/politica-pivacidad\/","title":{"rendered":"Pol\u00edtica de Privacidad"},"content":{"rendered":"\n<p><strong>\u00daltima actualizaci\u00f3n: 15 de Noviembre de 2024<\/strong><\/p>\n\n\n\n<p>En&nbsp;<strong>EMFESA<\/strong>&nbsp;(Enajenaci\u00f3n de Materiales Ferroviarios, S.A., S.M.E., M.P.) valoramos la privacidad de nuestros usuarios y estamos comprometidos con la protecci\u00f3n y tratamiento adecuado de sus datos personales. Esta Pol\u00edtica de Privacidad describe c\u00f3mo recopilamos, usamos y protegemos la informaci\u00f3n que nos proporcionan.<\/p>\n\n\n\n<h2 class=\"wp-block-heading\"><strong>1. Responsable del Tratamiento<\/strong><\/h2>\n\n\n\n<ul class=\"wp-block-list\">\n<li><strong>Entidad<\/strong>: Enajenaci\u00f3n de Materiales Ferroviarios, S.A., S.M.E., M.P. (EMFESA)<\/li>\n\n\n\n<li><strong>CIF<\/strong>: A78041332<\/li>\n\n\n\n<li><strong>Domicilio social<\/strong>: Avenida Ciudad de Barcelona, 81 A 3\u00aa 28007 Madrid<\/li>\n\n\n\n<li><strong>Correo electr\u00f3nico<\/strong>: emfesa@emfesa.es<\/li>\n<\/ul>\n\n\n\n<h2 class=\"wp-block-heading\"><strong>2. Datos Recopilados y Finalidades<\/strong><\/h2>\n\n\n\n<p>Los datos personales recopilados a trav\u00e9s de nuestra web se utilizan para los siguientes fines:<\/p>\n\n\n\n<ul class=\"wp-block-list\">\n<li><strong>Formulario de contacto<\/strong>: Para gestionar consultas y peticiones de los usuarios. Solicitaremos nombre, correo electr\u00f3nico y cualquier otro dato relevante proporcionado en el mensaje.<\/li>\n\n\n\n<li><strong>Env\u00edo de CV<\/strong>: Para gestionar las solicitudes de empleo en EMFESA. Recopilaremos datos de identificaci\u00f3n y contacto, as\u00ed como cualquier otra informaci\u00f3n contenida en el CV.<\/li>\n<\/ul>\n\n\n\n<h2 class=\"wp-block-heading\"><strong>3. Legitimaci\u00f3n para el Tratamiento<\/strong><\/h2>\n\n\n\n<p>El tratamiento de los datos personales de los usuarios se realiza en base a:<\/p>\n\n\n\n<ul class=\"wp-block-list\">\n<li><strong>El consentimiento del usuario<\/strong>, al enviar sus datos a trav\u00e9s de los formularios en nuestra web.<\/li>\n\n\n\n<li><strong>La ejecuci\u00f3n de una relaci\u00f3n precontractual o contractual<\/strong>, en el caso de solicitudes de empleo.<\/li>\n<\/ul>\n\n\n\n<h2 class=\"wp-block-heading\"><strong>4. Comunicaci\u00f3n de Datos a Terceros<\/strong><\/h2>\n\n\n\n<p>EMFESA no compartir\u00e1 los datos personales de los usuarios con terceros, salvo obligaci\u00f3n legal o en caso de ser necesario para el desarrollo de nuestra actividad, como proveedores de servicios t\u00e9cnicos, siempre con un contrato que garantice la confidencialidad y seguridad de los datos.<\/p>\n\n\n\n<h2 class=\"wp-block-heading\"><strong>5. Conservaci\u00f3n de los Datos<\/strong><\/h2>\n\n\n\n<p>Los datos personales se conservar\u00e1n durante el tiempo necesario para cumplir con los fines para los que fueron recopilados:<\/p>\n\n\n\n<ul class=\"wp-block-list\">\n<li><strong>Consultas<\/strong>: Hasta que se resuelva la consulta o el usuario solicite su eliminaci\u00f3n.<\/li>\n\n\n\n<li><strong>CV y solicitudes de empleo<\/strong>: Durante el proceso de selecci\u00f3n y, en su caso, por un periodo adicional en caso de futuras oportunidades, no superior a 1 a\u00f1o.<\/li>\n<\/ul>\n\n\n\n<h2 class=\"wp-block-heading\"><strong>6. Derechos del Usuario<\/strong><\/h2>\n\n\n\n<p>Los usuarios tienen derecho a:<\/p>\n\n\n\n<ul class=\"wp-block-list\">\n<li><strong>Acceder<\/strong>\u00a0a sus datos personales.<\/li>\n\n\n\n<li><strong>Rectificar<\/strong>\u00a0los datos inexactos o incompletos.<\/li>\n\n\n\n<li><strong>Solicitar la eliminaci\u00f3n<\/strong>\u00a0de sus datos cuando ya no sean necesarios para los fines para los que se recopilaron.<\/li>\n\n\n\n<li><strong>Limitar el tratamiento<\/strong>\u00a0de sus datos, en determinadas circunstancias.<\/li>\n\n\n\n<li><strong>Oponerse al tratamiento<\/strong>\u00a0de sus datos.<\/li>\n\n\n\n<li><strong>Solicitar la portabilidad<\/strong>\u00a0de los datos, en caso aplicable.<\/li>\n<\/ul>\n\n\n\n<p>Para ejercer estos derechos, los usuarios pueden enviar una solicitud escrita al correo electr\u00f3nico&nbsp;<strong>protecciondedatos@emfesa.es<\/strong>&nbsp;con el asunto \u201cProtecci\u00f3n de Datos\u201d, adjuntando una copia de su documento de identidad.<\/p>\n\n\n\n<h2 class=\"wp-block-heading\"><strong>7. Seguridad de los Datos<\/strong><\/h2>\n\n\n\n<p>En EMFESA aplicamos medidas de seguridad t\u00e9cnicas y organizativas para proteger los datos personales de nuestros usuarios frente a accesos no autorizados, alteraci\u00f3n, p\u00e9rdida o destrucci\u00f3n, de acuerdo con el Reglamento General de Protecci\u00f3n de Datos (RGPD) y dem\u00e1s legislaci\u00f3n vigente.<\/p>\n\n\n\n<h2 class=\"wp-block-heading\"><strong>8. Modificaciones en la Pol\u00edtica de Privacidad<\/strong><\/h2>\n\n\n\n<p>EMFESA se reserva el derecho de modificar esta Pol\u00edtica de Privacidad para adaptarla a cambios normativos o por mejoras en nuestros procesos de tratamiento de datos. Los cambios se publicar\u00e1n en esta p\u00e1gina, indicando la fecha de la \u00faltima actualizaci\u00f3n.<\/p>\n\n\n\n<h2 class=\"wp-block-heading\"><strong>9. Contacto<\/strong><\/h2>\n\n\n\n<p>Si tienes alguna pregunta sobre esta Pol\u00edtica de Privacidad o sobre el tratamiento de tus datos personales, puedes ponerte en contacto con nosotros a trav\u00e9s de\u00a0<strong>protecciondedatos@emfesa.es<\/strong>.<\/p>\n","protected":false},"excerpt":{"rendered":"<p>\u00daltima actualizaci\u00f3n: 15 de Noviembre de 2024 En&nbsp;EMFESA&nbsp;(Enajenaci\u00f3n de Materiales Ferroviarios, S.A., S.M.E., M.P.) valoramos la privacidad de nuestros usuarios y estamos comprometidos con la protecci\u00f3n y tratamiento adecuado de sus datos personales. Esta Pol\u00edtica de Privacidad describe c\u00f3mo recopilamos, usamos y protegemos la informaci\u00f3n que nos proporcionan. 1. Responsable del Tratamiento 2. Datos Recopilados [&hellip;]<\/p>\n","protected":false},"author":1,"featured_media":0,"parent":0,"menu_order":0,"comment_status":"closed","ping_status":"closed","template":"one-column.php","meta":{"_eb_attr":"","_uag_custom_page_level_css":"","footnotes":""},"class_list":["post-1143","page","type-page","status-publish","hentry"],"yoast_head":"<!-- This site is optimized with the Yoast SEO plugin v23.6 - https:\/\/yoast.com\/wordpress\/plugins\/seo\/ -->\n<title>Pol\u00edtica de Privacidad - Web oficial de Emfesa<\/title>\n<meta name=\"description\" content=\"Con la Pol\u00edtica de Privacidad protegemos tus datos personales, el uso de la informaci\u00f3n recopilada y tus derechos de privacidad.\" \/>\n<meta name=\"robots\" content=\"index, follow, max-snippet:-1, max-image-preview:large, max-video-preview:-1\" \/>\n<link rel=\"canonical\" href=\"https:\/\/www.emfesa.es\/emfesa\/politica-pivacidad\/\" \/>\n<meta property=\"og:locale\" content=\"es_ES\" \/>\n<meta property=\"og:type\" content=\"article\" \/>\n<meta property=\"og:title\" content=\"Pol\u00edtica de Privacidad - Web oficial de Emfesa\" \/>\n<meta property=\"og:description\" content=\"Con la Pol\u00edtica de Privacidad protegemos tus datos personales, el uso de la informaci\u00f3n recopilada y tus derechos de privacidad.\" \/>\n<meta property=\"og:url\" content=\"https:\/\/www.emfesa.es\/emfesa\/politica-pivacidad\/\" \/>\n<meta property=\"og:site_name\" content=\"Web oficial de Emfesa\" \/>\n<meta property=\"article:modified_time\" content=\"2025-06-06T12:20:05+00:00\" \/>\n<meta name=\"twitter:card\" content=\"summary_large_image\" \/>\n<meta name=\"twitter:label1\" content=\"Tiempo de lectura\" \/>\n\t<meta name=\"twitter:data1\" content=\"3 minutos\" \/>\n<script type=\"application\/ld+json\" class=\"yoast-schema-graph\">{\"@context\":\"https:\/\/schema.org\",\"@graph\":[{\"@type\":\"WebPage\",\"@id\":\"https:\/\/www.emfesa.es\/emfesa\/politica-pivacidad\/\",\"url\":\"https:\/\/www.emfesa.es\/emfesa\/politica-pivacidad\/\",\"name\":\"Pol\u00edtica de Privacidad - Web oficial de Emfesa\",\"isPartOf\":{\"@id\":\"https:\/\/www.emfesa.es\/emfesa\/#website\"},\"datePublished\":\"2024-10-30T10:43:13+00:00\",\"dateModified\":\"2025-06-06T12:20:05+00:00\",\"description\":\"Con la Pol\u00edtica de Privacidad protegemos tus datos personales, el uso de la informaci\u00f3n recopilada y tus derechos de privacidad.\",\"breadcrumb\":{\"@id\":\"https:\/\/www.emfesa.es\/emfesa\/politica-pivacidad\/#breadcrumb\"},\"inLanguage\":\"es\",\"potentialAction\":[{\"@type\":\"ReadAction\",\"target\":[\"https:\/\/www.emfesa.es\/emfesa\/politica-pivacidad\/\"]}]},{\"@type\":\"BreadcrumbList\",\"@id\":\"https:\/\/www.emfesa.es\/emfesa\/politica-pivacidad\/#breadcrumb\",\"itemListElement\":[{\"@type\":\"ListItem\",\"position\":1,\"name\":\"Portada\",\"item\":\"https:\/\/www.emfesa.es\/emfesa\/\"},{\"@type\":\"ListItem\",\"position\":2,\"name\":\"Pol\u00edtica de Privacidad\"}]},{\"@type\":\"WebSite\",\"@id\":\"https:\/\/www.emfesa.es\/emfesa\/#website\",\"url\":\"https:\/\/www.emfesa.es\/emfesa\/\",\"name\":\"Web oficial de Emfesa\",\"description\":\"\",\"potentialAction\":[{\"@type\":\"SearchAction\",\"target\":{\"@type\":\"EntryPoint\",\"urlTemplate\":\"https:\/\/www.emfesa.es\/emfesa\/?s={search_term_string}\"},\"query-input\":{\"@type\":\"PropertyValueSpecification\",\"valueRequired\":true,\"valueName\":\"search_term_string\"}}],\"inLanguage\":\"es\"}]}<\/script>\n<!-- \/ Yoast SEO plugin. -->","yoast_head_json":{"title":"Pol\u00edtica de Privacidad - Web oficial de Emfesa","description":"Con la Pol\u00edtica de Privacidad protegemos tus datos personales, el uso de la informaci\u00f3n recopilada y tus derechos de privacidad.","robots":{"index":"index","follow":"follow","max-snippet":"max-snippet:-1","max-image-preview":"max-image-preview:large","max-video-preview":"max-video-preview:-1"},"canonical":"https:\/\/www.emfesa.es\/emfesa\/politica-pivacidad\/","og_locale":"es_ES","og_type":"article","og_title":"Pol\u00edtica de Privacidad - Web oficial de Emfesa","og_description":"Con la Pol\u00edtica de Privacidad protegemos tus datos personales, el uso de la informaci\u00f3n recopilada y tus derechos de privacidad.","og_url":"https:\/\/www.emfesa.es\/emfesa\/politica-pivacidad\/","og_site_name":"Web oficial de Emfesa","article_modified_time":"2025-06-06T12:20:05+00:00","twitter_card":"summary_large_image","twitter_misc":{"Tiempo de lectura":"3 minutos"},"schema":{"@context":"https:\/\/schema.org","@graph":[{"@type":"WebPage","@id":"https:\/\/www.emfesa.es\/emfesa\/politica-pivacidad\/","url":"https:\/\/www.emfesa.es\/emfesa\/politica-pivacidad\/","name":"Pol\u00edtica de Privacidad - Web oficial de Emfesa","isPartOf":{"@id":"https:\/\/www.emfesa.es\/emfesa\/#website"},"datePublished":"2024-10-30T10:43:13+00:00","dateModified":"2025-06-06T12:20:05+00:00","description":"Con la Pol\u00edtica de Privacidad protegemos tus datos personales, el uso de la informaci\u00f3n recopilada y tus derechos de privacidad.","breadcrumb":{"@id":"https:\/\/www.emfesa.es\/emfesa\/politica-pivacidad\/#breadcrumb"},"inLanguage":"es","potentialAction":[{"@type":"ReadAction","target":["https:\/\/www.emfesa.es\/emfesa\/politica-pivacidad\/"]}]},{"@type":"BreadcrumbList","@id":"https:\/\/www.emfesa.es\/emfesa\/politica-pivacidad\/#breadcrumb","itemListElement":[{"@type":"ListItem","position":1,"name":"Portada","item":"https:\/\/www.emfesa.es\/emfesa\/"},{"@type":"ListItem","position":2,"name":"Pol\u00edtica de Privacidad"}]},{"@type":"WebSite","@id":"https:\/\/www.emfesa.es\/emfesa\/#website","url":"https:\/\/www.emfesa.es\/emfesa\/","name":"Web oficial de Emfesa","description":"","potentialAction":[{"@type":"SearchAction","target":{"@type":"EntryPoint","urlTemplate":"https:\/\/www.emfesa.es\/emfesa\/?s={search_term_string}"},"query-input":{"@type":"PropertyValueSpecification","valueRequired":true,"valueName":"search_term_string"}}],"inLanguage":"es"}]}},"uagb_featured_image_src":{"full":false,"thumbnail":false,"medium":false,"medium_large":false,"large":false,"1536x1536":false,"2048x2048":false},"uagb_author_info":{"display_name":"emfesadmin","author_link":"https:\/\/www.emfesa.es\/emfesa\/author\/emfesadmin\/"},"uagb_comment_info":0,"uagb_excerpt":"\u00daltima actualizaci\u00f3n: 15 de Noviembre de 2024 En&nbsp;EMFESA&nbsp;(Enajenaci\u00f3n de Materiales Ferroviarios, S.A., S.M.E., M.P.) valoramos la privacidad de nuestros usuarios y estamos comprometidos con la protecci\u00f3n y tratamiento adecuado de sus datos personales. Esta Pol\u00edtica de Privacidad describe c\u00f3mo recopilamos, usamos y protegemos la informaci\u00f3n que nos proporcionan. 1. Responsable del Tratamiento 2. Datos Recopilados&hellip;","_links":{"self":[{"href":"https:\/\/www.emfesa.es\/emfesa\/wp-json\/wp\/v2\/pages\/1143"}],"collection":[{"href":"https:\/\/www.emfesa.es\/emfesa\/wp-json\/wp\/v2\/pages"}],"about":[{"href":"https:\/\/www.emfesa.es\/emfesa\/wp-json\/wp\/v2\/types\/page"}],"author":[{"embeddable":true,"href":"https:\/\/www.emfesa.es\/emfesa\/wp-json\/wp\/v2\/users\/1"}],"replies":[{"embeddable":true,"href":"https:\/\/www.emfesa.es\/emfesa\/wp-json\/wp\/v2\/comments?post=1143"}],"version-history":[{"count":3,"href":"https:\/\/www.emfesa.es\/emfesa\/wp-json\/wp\/v2\/pages\/1143\/revisions"}],"predecessor-version":[{"id":1259,"href":"https:\/\/www.emfesa.es\/emfesa\/wp-json\/wp\/v2\/pages\/1143\/revisions\/1259"}],"wp:attachment":[{"href":"https:\/\/www.emfesa.es\/emfesa\/wp-json\/wp\/v2\/media?parent=1143"}],"curies":[{"name":"wp","href":"https:\/\/api.w.org\/{rel}","templated":true}]}}