{"id":1569,"date":"2025-02-12T16:00:33","date_gmt":"2025-02-12T15:00:33","guid":{"rendered":"https:\/\/www.emfesa.es\/emfesa\/?page_id=1569"},"modified":"2025-07-10T13:43:30","modified_gmt":"2025-07-10T11:43:30","slug":"raquel-ma-millan-gonzalez","status":"publish","type":"page","link":"https:\/\/www.emfesa.es\/emfesa\/sobre-nosotros\/raquel-ma-millan-gonzalez\/","title":{"rendered":"Raquel M\u00aa Mill\u00e1n Gonz\u00e1lez"},"content":{"rendered":"\n<div class=\"wp-block-essential-blocks-row alignfull custom-card-perfil-bg p-0  root-eb-row-23rw4\"><div class=\"eb-parent-wrapper eb-parent-eb-row-23rw4 \"><div class=\"eb-row-root-container eb-row-23rw4\" data-id=\"eb-row-23rw4\"><div class=\"eb-row-wrapper\"><div class=\"eb-row-inner\">\n<div class=\"wp-block-essential-blocks-column  root-eb-column-5dfpu\"><div class=\"eb-parent-wrapper eb-parent-eb-column-5dfpu \"><div class=\"eb-column-wrapper eb-column-5dfpu\"><div class=\"eb-column-inner\">\n<div class=\"wp-block-essential-blocks-row alignfull  root-eb-row-8wg2k\"><div class=\"eb-parent-wrapper eb-parent-eb-row-8wg2k \"><div class=\"eb-row-root-container eb-row-8wg2k\" data-id=\"eb-row-8wg2k\"><div class=\"eb-row-wrapper\"><div class=\"eb-row-inner\">\n<div class=\"wp-block-essential-blocks-column  root-eb-column-p8n2o\"><div class=\"eb-parent-wrapper eb-parent-eb-column-p8n2o \"><div class=\"eb-column-wrapper eb-column-p8n2o\"><div class=\"eb-column-inner\">\n<div class=\"wp-block-uagb-image aligncenter uagb-block-288296a0 wp-block-uagb-image--layout-default wp-block-uagb-image--effect-static wp-block-uagb-image--align-center\"><figure class=\"wp-block-uagb-image__figure\"><img decoding=\"async\" srcset=\"https:\/\/www.emfesa.es\/emfesa\/wp-content\/uploads\/2025\/02\/cv-gerente2.png ,https:\/\/www.emfesa.es\/emfesa\/wp-content\/uploads\/2025\/02\/cv-gerente2.png 780w, https:\/\/www.emfesa.es\/emfesa\/wp-content\/uploads\/2025\/02\/cv-gerente2.png 360w\" sizes=\"(max-width: 480px) 150px\" src=\"https:\/\/www.emfesa.es\/emfesa\/wp-content\/uploads\/2025\/02\/cv-gerente2.png\" alt=\"\" class=\"uag-image-1610\" width=\"1024\" height=\"250\" title=\"cv-gerente2\" loading=\"lazy\" role=\"img\"\/><\/figure><\/div>\n<\/div><\/div><\/div><\/div>\n\n\n\n<div class=\"wp-block-essential-blocks-column  root-eb-column-tqeby\"><div class=\"eb-parent-wrapper eb-parent-eb-column-tqeby \"><div class=\"eb-column-wrapper eb-column-tqeby\"><div class=\"eb-column-inner\">\n<div class=\"wp-block-group is-vertical is-layout-flex wp-container-core-group-is-layout-1 wp-block-group-is-layout-flex\">\n<h2 class=\"wp-block-heading\" style=\"font-size:28px\">Gerente de \u00c1rea de Desarrollo de Negocio<\/h2>\n\n\n\n<p><strong>Fecha de nacimiento<\/strong><\/p>\n\n\n\n<p>14 de mayo de 1975<\/p>\n\n\n\n<div class=\"wp-block-essential-blocks-button mt-3  root-eb-button-dz4rn\"><div class=\"eb-parent-wrapper eb-parent-eb-button-dz4rn \"><div class=\"eb-button-wrapper eb-button-alignment eb-button-dz4rn\"><div class=\"eb-button\"><a class=\"eb-button-anchor\" href=\"mailto: raquelmillan@emfesa.es\" rel=\"noopener\"><i icon=\"far fa-paper-plane\" class=\"far fa-paper-plane eb-button-icon eb-button-icon-left hvr-icon\"><\/i>Contacto<\/a><\/div><\/div><\/div><\/div>\n\n\n\n<div class=\"wp-block-buttons is-layout-flex wp-block-buttons-is-layout-flex\"><\/div>\n<\/div>\n<\/div><\/div><\/div><\/div>\n<\/div><\/div><\/div><\/div><\/div>\n<\/div><\/div><\/div><\/div>\n\n\n\n<div class=\"wp-block-essential-blocks-column  root-eb-column-z3hsm\"><div class=\"eb-parent-wrapper eb-parent-eb-column-z3hsm \"><div class=\"eb-column-wrapper eb-column-z3hsm\"><div class=\"eb-column-inner\">\n<div class=\"wp-block-group is-vertical is-layout-flex wp-container-core-group-is-layout-6 wp-block-group-is-layout-flex\">\n<h3 class=\"wp-block-heading mb-3 has-black-color has-text-color has-link-color wp-elements-f402183412cca67eb8720ae553b1571b\">Contacto<\/h3>\n\n\n\n<div class=\"wp-block-group is-nowrap is-layout-flex wp-container-core-group-is-layout-2 wp-block-group-is-layout-flex\">      \n\t\t\t<div class=\"uagb-icon-wrapper uagb-block-54afd2ab  \"\t>\n\t\t\t\t\t\t\t\t\t<span class=\"uagb-svg-wrapper\" \n\t\t\t\t\t aria-label=\"house\"\t\t\t\t\ttabindex=\"0\">\t\t\n\t\t\t\t\t\t\t\t\t\t<svg xmlns=\"https:\/\/www.w3.org\/2000\/svg\" viewBox= \"0 0 576 512\" role=\"graphics-symbol\" aria-hidden=\"false\" aria-label=\"\"><path d=\"M575.8 255.5C575.8 273.5 560.8 287.6 543.8 287.6H511.8L512.5 447.7C512.5 450.5 512.3 453.1 512 455.8V472C512 494.1 494.1 512 472 512H456C454.9 512 453.8 511.1 452.7 511.9C451.3 511.1 449.9 512 448.5 512H392C369.9 512 352 494.1 352 472V384C352 366.3 337.7 352 320 352H256C238.3 352 224 366.3 224 384V472C224 494.1 206.1 512 184 512H128.1C126.6 512 125.1 511.9 123.6 511.8C122.4 511.9 121.2 512 120 512H104C81.91 512 64 494.1 64 472V360C64 359.1 64.03 358.1 64.09 357.2V287.6H32.05C14.02 287.6 0 273.5 0 255.5C0 246.5 3.004 238.5 10.01 231.5L266.4 8.016C273.4 1.002 281.4 0 288.4 0C295.4 0 303.4 2.004 309.5 7.014L564.8 231.5C572.8 238.5 576.9 246.5 575.8 255.5L575.8 255.5z\"><\/path><\/svg>\n\t\t\t\t\t\t\t\t\t<\/span>\n\t\t\t\t\t\t\t<\/div>\n\t\t\t\n\n\n<p>Avda. Ciudad de Barcelona, 81 A-28007 Madrid. Espa\u00f1a<\/p>\n<\/div>\n\n\n\n<div class=\"wp-block-group is-nowrap is-layout-flex wp-container-core-group-is-layout-3 wp-block-group-is-layout-flex\">      \n\t\t\t<div class=\"uagb-icon-wrapper uagb-block-0917b4a7  \"\t>\n\t\t\t\t\t\t\t\t\t<span class=\"uagb-svg-wrapper\" \n\t\t\t\t\t aria-label=\"phone\"\t\t\t\t\ttabindex=\"0\">\t\t\n\t\t\t\t\t\t\t\t\t\t<svg xmlns=\"https:\/\/www.w3.org\/2000\/svg\" viewBox= \"0 0 512 512\" role=\"graphics-symbol\" aria-hidden=\"false\" aria-label=\"\"><path d=\"M511.2 387l-23.25 100.8c-3.266 14.25-15.79 24.22-30.46 24.22C205.2 512 0 306.8 0 54.5c0-14.66 9.969-27.2 24.22-30.45l100.8-23.25C139.7-2.602 154.7 5.018 160.8 18.92l46.52 108.5c5.438 12.78 1.77 27.67-8.98 36.45L144.5 207.1c33.98 69.22 90.26 125.5 159.5 159.5l44.08-53.8c8.688-10.78 23.69-14.51 36.47-8.975l108.5 46.51C506.1 357.2 514.6 372.4 511.2 387z\"><\/path><\/svg>\n\t\t\t\t\t\t\t\t\t<\/span>\n\t\t\t\t\t\t\t<\/div>\n\t\t\t\n\n\n<p>+34 91 774 99 86<\/p>\n<\/div>\n\n\n\n<div class=\"wp-block-group is-nowrap is-layout-flex wp-container-core-group-is-layout-4 wp-block-group-is-layout-flex\">      \n\t\t\t<div class=\"uagb-icon-wrapper uagb-block-3fc82c46  \"\t>\n\t\t\t\t\t\t\t\t\t<span class=\"uagb-svg-wrapper\" \n\t\t\t\t\t aria-label=\"fax\"\t\t\t\t\ttabindex=\"0\">\t\t\n\t\t\t\t\t\t\t\t\t\t<svg xmlns=\"https:\/\/www.w3.org\/2000\/svg\" viewBox= \"0 0 512 512\" role=\"graphics-symbol\" aria-hidden=\"false\" aria-label=\"\"><path d=\"M192 64h197.5L416 90.51V160h64V77.25c0-8.484-3.375-16.62-9.375-22.62l-45.25-45.25C419.4 3.375 411.2 0 402.8 0H160C142.3 0 128 14.33 128 32v128h64V64zM64 128H32C14.38 128 0 142.4 0 160v320c0 17.62 14.38 32 32 32h32c17.62 0 32-14.38 32-32V160C96 142.4 81.63 128 64 128zM480 192H128v288c0 17.6 14.4 32 32 32h320c17.6 0 32-14.4 32-32V224C512 206.4 497.6 192 480 192zM288 432c0 8.875-7.125 16-16 16h-32C231.1 448 224 440.9 224 432v-32C224 391.1 231.1 384 240 384h32c8.875 0 16 7.125 16 16V432zM288 304c0 8.875-7.125 16-16 16h-32C231.1 320 224 312.9 224 304v-32C224 263.1 231.1 256 240 256h32C280.9 256 288 263.1 288 272V304zM416 432c0 8.875-7.125 16-16 16h-32c-8.875 0-16-7.125-16-16v-32c0-8.875 7.125-16 16-16h32c8.875 0 16 7.125 16 16V432zM416 304c0 8.875-7.125 16-16 16h-32C359.1 320 352 312.9 352 304v-32C352 263.1 359.1 256 368 256h32C408.9 256 416 263.1 416 272V304z\"><\/path><\/svg>\n\t\t\t\t\t\t\t\t\t<\/span>\n\t\t\t\t\t\t\t<\/div>\n\t\t\t\n\n\n<p>+34 91 774 99 82<\/p>\n<\/div>\n\n\n\n<div class=\"wp-block-group is-nowrap is-layout-flex wp-container-core-group-is-layout-5 wp-block-group-is-layout-flex\">      \n\t\t\t<div class=\"uagb-icon-wrapper uagb-block-fdf4380d  \"\t>\n\t\t\t\t\t\t\t\t\t<span class=\"uagb-svg-wrapper\" \n\t\t\t\t\t aria-label=\"envelope\"\t\t\t\t\ttabindex=\"0\">\t\t\n\t\t\t\t\t\t\t\t\t\t<svg xmlns=\"https:\/\/www.w3.org\/2000\/svg\" viewBox= \"0 0 512 512\" role=\"graphics-symbol\" aria-hidden=\"false\" aria-label=\"\"><path d=\"M464 64C490.5 64 512 85.49 512 112C512 127.1 504.9 141.3 492.8 150.4L275.2 313.6C263.8 322.1 248.2 322.1 236.8 313.6L19.2 150.4C7.113 141.3 0 127.1 0 112C0 85.49 21.49 64 48 64H464zM217.6 339.2C240.4 356.3 271.6 356.3 294.4 339.2L512 176V384C512 419.3 483.3 448 448 448H64C28.65 448 0 419.3 0 384V176L217.6 339.2z\"><\/path><\/svg>\n\t\t\t\t\t\t\t\t\t<\/span>\n\t\t\t\t\t\t\t<\/div>\n\t\t\t\n\n\n<p class=\"has-black-color has-text-color has-link-color wp-elements-531358d07feb880b267e422ced8a99ba\"><strong>emfesa@emfesa.es<\/strong><\/p>\n<\/div>\n<\/div>\n<\/div><\/div><\/div><\/div>\n<\/div><\/div><\/div><\/div><\/div>\n\n\n\n<div class=\"wp-block-essential-blocks-row alignfull  root-eb-row-dn1fs\"><div class=\"eb-parent-wrapper eb-parent-eb-row-dn1fs \"><div class=\"eb-row-root-container eb-row-dn1fs\" data-id=\"eb-row-dn1fs\"><div class=\"eb-row-wrapper\"><div class=\"eb-row-inner\">\n<div class=\"wp-block-essential-blocks-column  root-eb-column-l0pod\"><div class=\"eb-parent-wrapper eb-parent-eb-column-l0pod \"><div class=\"eb-column-wrapper eb-column-l0pod\"><div class=\"eb-column-inner\">\n<div class=\"wp-block-group is-vertical is-layout-flex wp-container-core-group-is-layout-10 wp-block-group-is-layout-flex\">\n<div class=\"wp-block-group mb-3 is-nowrap is-layout-flex wp-container-core-group-is-layout-7 wp-block-group-is-layout-flex\">      \n\t\t\t<div class=\"uagb-icon-wrapper uagb-block-02c19a7f  \"\t>\n\t\t\t\t\t\t\t\t\t<span class=\"uagb-svg-wrapper\" \n\t\t\t\t\t aria-label=\"graduation-cap\"\t\t\t\t\ttabindex=\"0\">\t\t\n\t\t\t\t\t\t\t\t\t\t<svg xmlns=\"https:\/\/www.w3.org\/2000\/svg\" viewBox= \"0 0 640 512\" role=\"graphics-symbol\" aria-hidden=\"false\" aria-label=\"\"><path d=\"M623.1 136.9l-282.7-101.2c-13.73-4.91-28.7-4.91-42.43 0L16.05 136.9C6.438 140.4 0 149.6 0 160s6.438 19.65 16.05 23.09L76.07 204.6c-11.89 15.8-20.26 34.16-24.55 53.95C40.05 263.4 32 274.8 32 288c0 9.953 4.814 18.49 11.94 24.36l-24.83 149C17.48 471.1 25 480 34.89 480H93.11c9.887 0 17.41-8.879 15.78-18.63l-24.83-149C91.19 306.5 96 297.1 96 288c0-10.29-5.174-19.03-12.72-24.89c4.252-17.76 12.88-33.82 24.94-47.03l190.6 68.23c13.73 4.91 28.7 4.91 42.43 0l282.7-101.2C633.6 179.6 640 170.4 640 160S633.6 140.4 623.1 136.9zM351.1 314.4C341.7 318.1 330.9 320 320 320c-10.92 0-21.69-1.867-32-5.555L142.8 262.5L128 405.3C128 446.6 213.1 480 320 480c105.1 0 192-33.4 192-74.67l-14.78-142.9L351.1 314.4z\"><\/path><\/svg>\n\t\t\t\t\t\t\t\t\t<\/span>\n\t\t\t\t\t\t\t<\/div>\n\t\t\t\n\n\n<h3 class=\"wp-block-heading\">Formaci\u00f3n acad\u00e9mica<\/h3>\n<\/div>\n\n\n\n<p>Licenciada en Ciencias Qu\u00edmicas (2001).<\/p>\n\n\n\n<p>M\u00e1ster en Prevenci\u00f3n de Riesgos Laborales (2005).<\/p>\n\n\n\n<div class=\"wp-block-group mt-4 mb-3 is-nowrap is-layout-flex wp-container-core-group-is-layout-8 wp-block-group-is-layout-flex\">      \n\t\t\t<div class=\"uagb-icon-wrapper uagb-block-19d3b3bc  \"\t>\n\t\t\t\t\t\t\t\t\t<span class=\"uagb-svg-wrapper\" \n\t\t\t\t\t aria-label=\"medal\"\t\t\t\t\ttabindex=\"0\">\t\t\n\t\t\t\t\t\t\t\t\t\t<svg xmlns=\"https:\/\/www.w3.org\/2000\/svg\" viewBox= \"0 0 512 512\" role=\"graphics-symbol\" aria-hidden=\"false\" aria-label=\"\"><path d=\"M223.7 130.8L149.1 7.77C147.1 2.949 141.9 0 136.3 0H16.03c-12.95 0-20.53 14.58-13.1 25.18l111.3 158.9C143.9 156.4 181.7 137.3 223.7 130.8zM256 160c-97.25 0-176 78.75-176 176S158.8 512 256 512s176-78.75 176-176S353.3 160 256 160zM348.5 317.3l-37.88 37l8.875 52.25c1.625 9.25-8.25 16.5-16.63 12l-46.88-24.62L209.1 418.5c-8.375 4.5-18.25-2.75-16.63-12l8.875-52.25l-37.88-37C156.6 310.6 160.5 299 169.9 297.6l52.38-7.625L245.7 242.5c2-4.25 6.125-6.375 10.25-6.375S264.2 238.3 266.2 242.5l23.5 47.5l52.38 7.625C351.6 299 355.4 310.6 348.5 317.3zM495.1 0H375.7c-5.621 0-10.83 2.949-13.72 7.77l-73.76 122.1c42 6.5 79.88 25.62 109.5 53.38l111.3-158.9C516.5 14.58 508.9 0 495.1 0z\"><\/path><\/svg>\n\t\t\t\t\t\t\t\t\t<\/span>\n\t\t\t\t\t\t\t<\/div>\n\t\t\t\n\n\n<h3 class=\"wp-block-heading\">Trayectoria profesional<\/h3>\n<\/div>\n\n\n\n<p>Desde Enero de 2006 estoy desarrollando mi labor profesional en Enajenaci\u00f3n de Materiales Ferroviarios (Emfesa), donde entr\u00e9 como T\u00e9cnico para implantar y encargarme del Sistema de Gesti\u00f3n de Calidad y Medio Ambiente, as\u00ed como colaborar con la Prevenci\u00f3n de Riesgos Laborales, en la Coordinaci\u00f3n de Actividades y en el seguimiento de todas las actividades propias de la empresa. Posteriormente cooper\u00e9 en la implantaci\u00f3n de una nueva herramienta inform\u00e1tica para la Gesti\u00f3n de Expedientes y Subasta electr\u00f3nica. Siendo nombrada en 2016 Gerente de Gesti\u00f3n Administrativa y Coordinaci\u00f3n, con competencias en contrataci\u00f3n, seguridad y salud, Gesti\u00f3n del Sistema Integrado.<\/p>\n\n\n\n<div class=\"wp-block-group mt-4 mb-3 is-nowrap is-layout-flex wp-container-core-group-is-layout-9 wp-block-group-is-layout-flex\">      \n\t\t\t<div class=\"uagb-icon-wrapper uagb-block-1880a3a6  \"\t>\n\t\t\t\t\t\t\t\t\t<span class=\"uagb-svg-wrapper\" \n\t\t\t\t\t aria-label=\"ranking-star\"\t\t\t\t\ttabindex=\"0\">\t\t\n\t\t\t\t\t\t\t\t\t\t<svg xmlns=\"https:\/\/www.w3.org\/2000\/svg\" viewBox= \"0 0 640 512\" role=\"graphics-symbol\" aria-hidden=\"false\" aria-label=\"\"><path d=\"M406.1 61.65C415.4 63.09 419.4 74.59 412.6 81.41L374.6 118.1L383.6 170.1C384.1 179.5 375.3 186.7 366.7 182.4L320.2 157.9L273.3 182.7C264.7 187 255 179.8 256.4 170.5L265.4 118.4L227.4 81.41C220.6 74.59 224.6 63.09 233.9 61.65L286.2 54.11L309.8 6.332C314.1-2.289 326.3-1.93 330.2 6.332L353.8 54.11L406.1 61.65zM384 256C401.7 256 416 270.3 416 288V480C416 497.7 401.7 512 384 512H256C238.3 512 224 497.7 224 480V288C224 270.3 238.3 256 256 256H384zM160 320C177.7 320 192 334.3 192 352V480C192 497.7 177.7 512 160 512H32C14.33 512 0 497.7 0 480V352C0 334.3 14.33 320 32 320H160zM448 416C448 398.3 462.3 384 480 384H608C625.7 384 640 398.3 640 416V480C640 497.7 625.7 512 608 512H480C462.3 512 448 497.7 448 480V416z\"><\/path><\/svg>\n\t\t\t\t\t\t\t\t\t<\/span>\n\t\t\t\t\t\t\t<\/div>\n\t\t\t\n\n\n<h3 class=\"wp-block-heading\">Otros cargos<\/h3>\n<\/div>\n\n\n\n<p>Responsable del Sistema de Calidad y Medio Ambiente y T\u00e9cnico de Prevenci\u00f3n en distintas empresas<\/p>\n<\/div>\n<\/div><\/div><\/div><\/div>\n<\/div><\/div><\/div><\/div><\/div>\n","protected":false},"excerpt":{"rendered":"","protected":false},"author":1,"featured_media":0,"parent":27,"menu_order":0,"comment_status":"closed","ping_status":"closed","template":"one-column.php","meta":{"_eb_attr":"","_uag_custom_page_level_css":"","footnotes":""},"class_list":["post-1569","page","type-page","status-publish","hentry"],"yoast_head":"<!-- This site is optimized with the Yoast SEO plugin v23.6 - https:\/\/yoast.com\/wordpress\/plugins\/seo\/ -->\n<title>Raquel M\u00aa Mill\u00e1n Gonz\u00e1lez - Web oficial de Emfesa<\/title>\n<meta name=\"robots\" content=\"index, follow, max-snippet:-1, max-image-preview:large, max-video-preview:-1\" \/>\n<link rel=\"canonical\" href=\"https:\/\/www.emfesa.es\/emfesa\/sobre-nosotros\/raquel-ma-millan-gonzalez\/\" \/>\n<meta property=\"og:locale\" content=\"es_ES\" \/>\n<meta property=\"og:type\" content=\"article\" \/>\n<meta property=\"og:title\" content=\"Raquel M\u00aa Mill\u00e1n Gonz\u00e1lez - Web oficial de Emfesa\" \/>\n<meta property=\"og:url\" content=\"https:\/\/www.emfesa.es\/emfesa\/sobre-nosotros\/raquel-ma-millan-gonzalez\/\" \/>\n<meta property=\"og:site_name\" content=\"Web oficial de Emfesa\" \/>\n<meta property=\"article:modified_time\" content=\"2025-07-10T11:43:30+00:00\" \/>\n<meta property=\"og:image\" content=\"https:\/\/www.emfesa.es\/emfesa\/wp-content\/uploads\/2025\/02\/cv-gerente2.png\" \/>\n<meta name=\"twitter:card\" content=\"summary_large_image\" \/>\n<meta name=\"twitter:label1\" content=\"Tiempo de lectura\" \/>\n\t<meta name=\"twitter:data1\" content=\"1 minuto\" \/>\n<script type=\"application\/ld+json\" class=\"yoast-schema-graph\">{\"@context\":\"https:\/\/schema.org\",\"@graph\":[{\"@type\":\"WebPage\",\"@id\":\"https:\/\/www.emfesa.es\/emfesa\/sobre-nosotros\/raquel-ma-millan-gonzalez\/\",\"url\":\"https:\/\/www.emfesa.es\/emfesa\/sobre-nosotros\/raquel-ma-millan-gonzalez\/\",\"name\":\"Raquel M\u00aa Mill\u00e1n Gonz\u00e1lez - Web oficial de Emfesa\",\"isPartOf\":{\"@id\":\"https:\/\/www.emfesa.es\/emfesa\/#website\"},\"primaryImageOfPage\":{\"@id\":\"https:\/\/www.emfesa.es\/emfesa\/sobre-nosotros\/raquel-ma-millan-gonzalez\/#primaryimage\"},\"image\":{\"@id\":\"https:\/\/www.emfesa.es\/emfesa\/sobre-nosotros\/raquel-ma-millan-gonzalez\/#primaryimage\"},\"thumbnailUrl\":\"https:\/\/www.emfesa.es\/emfesa\/wp-content\/uploads\/2025\/02\/cv-gerente2.png\",\"datePublished\":\"2025-02-12T15:00:33+00:00\",\"dateModified\":\"2025-07-10T11:43:30+00:00\",\"breadcrumb\":{\"@id\":\"https:\/\/www.emfesa.es\/emfesa\/sobre-nosotros\/raquel-ma-millan-gonzalez\/#breadcrumb\"},\"inLanguage\":\"es\",\"potentialAction\":[{\"@type\":\"ReadAction\",\"target\":[\"https:\/\/www.emfesa.es\/emfesa\/sobre-nosotros\/raquel-ma-millan-gonzalez\/\"]}]},{\"@type\":\"ImageObject\",\"inLanguage\":\"es\",\"@id\":\"https:\/\/www.emfesa.es\/emfesa\/sobre-nosotros\/raquel-ma-millan-gonzalez\/#primaryimage\",\"url\":\"https:\/\/www.emfesa.es\/emfesa\/wp-content\/uploads\/2025\/02\/cv-gerente2.png\",\"contentUrl\":\"https:\/\/www.emfesa.es\/emfesa\/wp-content\/uploads\/2025\/02\/cv-gerente2.png\",\"width\":972,\"height\":629},{\"@type\":\"BreadcrumbList\",\"@id\":\"https:\/\/www.emfesa.es\/emfesa\/sobre-nosotros\/raquel-ma-millan-gonzalez\/#breadcrumb\",\"itemListElement\":[{\"@type\":\"ListItem\",\"position\":1,\"name\":\"Portada\",\"item\":\"https:\/\/www.emfesa.es\/emfesa\/\"},{\"@type\":\"ListItem\",\"position\":2,\"name\":\"Sobre nosotros\",\"item\":\"https:\/\/www.emfesa.es\/emfesa\/sobre-nosotros\/\"},{\"@type\":\"ListItem\",\"position\":3,\"name\":\"Raquel M\u00aa Mill\u00e1n Gonz\u00e1lez\"}]},{\"@type\":\"WebSite\",\"@id\":\"https:\/\/www.emfesa.es\/emfesa\/#website\",\"url\":\"https:\/\/www.emfesa.es\/emfesa\/\",\"name\":\"Web oficial de Emfesa\",\"description\":\"\",\"potentialAction\":[{\"@type\":\"SearchAction\",\"target\":{\"@type\":\"EntryPoint\",\"urlTemplate\":\"https:\/\/www.emfesa.es\/emfesa\/?s={search_term_string}\"},\"query-input\":{\"@type\":\"PropertyValueSpecification\",\"valueRequired\":true,\"valueName\":\"search_term_string\"}}],\"inLanguage\":\"es\"}]}<\/script>\n<!-- \/ Yoast SEO plugin. -->","yoast_head_json":{"title":"Raquel M\u00aa Mill\u00e1n Gonz\u00e1lez - Web oficial de Emfesa","robots":{"index":"index","follow":"follow","max-snippet":"max-snippet:-1","max-image-preview":"max-image-preview:large","max-video-preview":"max-video-preview:-1"},"canonical":"https:\/\/www.emfesa.es\/emfesa\/sobre-nosotros\/raquel-ma-millan-gonzalez\/","og_locale":"es_ES","og_type":"article","og_title":"Raquel M\u00aa Mill\u00e1n Gonz\u00e1lez - Web oficial de Emfesa","og_url":"https:\/\/www.emfesa.es\/emfesa\/sobre-nosotros\/raquel-ma-millan-gonzalez\/","og_site_name":"Web oficial de Emfesa","article_modified_time":"2025-07-10T11:43:30+00:00","og_image":[{"url":"https:\/\/www.emfesa.es\/emfesa\/wp-content\/uploads\/2025\/02\/cv-gerente2.png"}],"twitter_card":"summary_large_image","twitter_misc":{"Tiempo de lectura":"1 minuto"},"schema":{"@context":"https:\/\/schema.org","@graph":[{"@type":"WebPage","@id":"https:\/\/www.emfesa.es\/emfesa\/sobre-nosotros\/raquel-ma-millan-gonzalez\/","url":"https:\/\/www.emfesa.es\/emfesa\/sobre-nosotros\/raquel-ma-millan-gonzalez\/","name":"Raquel M\u00aa Mill\u00e1n Gonz\u00e1lez - Web oficial de Emfesa","isPartOf":{"@id":"https:\/\/www.emfesa.es\/emfesa\/#website"},"primaryImageOfPage":{"@id":"https:\/\/www.emfesa.es\/emfesa\/sobre-nosotros\/raquel-ma-millan-gonzalez\/#primaryimage"},"image":{"@id":"https:\/\/www.emfesa.es\/emfesa\/sobre-nosotros\/raquel-ma-millan-gonzalez\/#primaryimage"},"thumbnailUrl":"https:\/\/www.emfesa.es\/emfesa\/wp-content\/uploads\/2025\/02\/cv-gerente2.png","datePublished":"2025-02-12T15:00:33+00:00","dateModified":"2025-07-10T11:43:30+00:00","breadcrumb":{"@id":"https:\/\/www.emfesa.es\/emfesa\/sobre-nosotros\/raquel-ma-millan-gonzalez\/#breadcrumb"},"inLanguage":"es","potentialAction":[{"@type":"ReadAction","target":["https:\/\/www.emfesa.es\/emfesa\/sobre-nosotros\/raquel-ma-millan-gonzalez\/"]}]},{"@type":"ImageObject","inLanguage":"es","@id":"https:\/\/www.emfesa.es\/emfesa\/sobre-nosotros\/raquel-ma-millan-gonzalez\/#primaryimage","url":"https:\/\/www.emfesa.es\/emfesa\/wp-content\/uploads\/2025\/02\/cv-gerente2.png","contentUrl":"https:\/\/www.emfesa.es\/emfesa\/wp-content\/uploads\/2025\/02\/cv-gerente2.png","width":972,"height":629},{"@type":"BreadcrumbList","@id":"https:\/\/www.emfesa.es\/emfesa\/sobre-nosotros\/raquel-ma-millan-gonzalez\/#breadcrumb","itemListElement":[{"@type":"ListItem","position":1,"name":"Portada","item":"https:\/\/www.emfesa.es\/emfesa\/"},{"@type":"ListItem","position":2,"name":"Sobre nosotros","item":"https:\/\/www.emfesa.es\/emfesa\/sobre-nosotros\/"},{"@type":"ListItem","position":3,"name":"Raquel M\u00aa Mill\u00e1n Gonz\u00e1lez"}]},{"@type":"WebSite","@id":"https:\/\/www.emfesa.es\/emfesa\/#website","url":"https:\/\/www.emfesa.es\/emfesa\/","name":"Web oficial de Emfesa","description":"","potentialAction":[{"@type":"SearchAction","target":{"@type":"EntryPoint","urlTemplate":"https:\/\/www.emfesa.es\/emfesa\/?s={search_term_string}"},"query-input":{"@type":"PropertyValueSpecification","valueRequired":true,"valueName":"search_term_string"}}],"inLanguage":"es"}]}},"uagb_featured_image_src":{"full":false,"thumbnail":false,"medium":false,"medium_large":false,"large":false,"1536x1536":false,"2048x2048":false},"uagb_author_info":{"display_name":"emfesadmin","author_link":"https:\/\/www.emfesa.es\/emfesa\/author\/emfesadmin\/"},"uagb_comment_info":0,"uagb_excerpt":null,"_links":{"self":[{"href":"https:\/\/www.emfesa.es\/emfesa\/wp-json\/wp\/v2\/pages\/1569"}],"collection":[{"href":"https:\/\/www.emfesa.es\/emfesa\/wp-json\/wp\/v2\/pages"}],"about":[{"href":"https:\/\/www.emfesa.es\/emfesa\/wp-json\/wp\/v2\/types\/page"}],"author":[{"embeddable":true,"href":"https:\/\/www.emfesa.es\/emfesa\/wp-json\/wp\/v2\/users\/1"}],"replies":[{"embeddable":true,"href":"https:\/\/www.emfesa.es\/emfesa\/wp-json\/wp\/v2\/comments?post=1569"}],"version-history":[{"count":14,"href":"https:\/\/www.emfesa.es\/emfesa\/wp-json\/wp\/v2\/pages\/1569\/revisions"}],"predecessor-version":[{"id":2121,"href":"https:\/\/www.emfesa.es\/emfesa\/wp-json\/wp\/v2\/pages\/1569\/revisions\/2121"}],"up":[{"embeddable":true,"href":"https:\/\/www.emfesa.es\/emfesa\/wp-json\/wp\/v2\/pages\/27"}],"wp:attachment":[{"href":"https:\/\/www.emfesa.es\/emfesa\/wp-json\/wp\/v2\/media?parent=1569"}],"curies":[{"name":"wp","href":"https:\/\/api.w.org\/{rel}","templated":true}]}}