{"id":1874,"date":"2025-05-27T11:14:44","date_gmt":"2025-05-27T09:14:44","guid":{"rendered":"https:\/\/www.emfesa.es\/emfesa\/?page_id=1874"},"modified":"2026-04-14T11:32:05","modified_gmt":"2026-04-14T09:32:05","slug":"canal-denuncias","status":"publish","type":"page","link":"https:\/\/www.emfesa.es\/emfesa\/canal-denuncias\/","title":{"rendered":"Canal de Denuncias"},"content":{"rendered":"\n<p style=\"font-size:16px\">Este canal de denuncias interno sirve para informar confidencialmente sobre conductas irregulares de la organizaci\u00f3n de acuerdo a los requisitos de la Ley 2\/2023. El uso de este canal no implica la imposibilidad de acudir canales externos de informaci\u00f3n ante las autoridades competentes u otras instituciones, \u00f3rganos u organismos de la Uni\u00f3n Europea.<\/p>\n\n\n\n<div class=\"wp-block-group is-vertical is-content-justification-center is-layout-flex wp-container-core-group-is-layout-1 wp-block-group-is-layout-flex\">\n<div class=\"wpcf7 no-js\" id=\"wpcf7-f1876-o1\" lang=\"es-ES\" dir=\"ltr\">\n<div class=\"screen-reader-response\"><p role=\"status\" aria-live=\"polite\" aria-atomic=\"true\"><\/p> <ul><\/ul><\/div>\n<form action=\"\/emfesa\/wp-json\/wp\/v2\/pages\/1874#wpcf7-f1876-o1\" method=\"post\" class=\"wpcf7-form init\" aria-label=\"Formulario de contacto\" enctype=\"multipart\/form-data\" novalidate=\"novalidate\" data-status=\"init\">\n<div style=\"display: none;\">\n<input type=\"hidden\" name=\"_wpcf7\" value=\"1876\" \/>\n<input type=\"hidden\" name=\"_wpcf7_version\" value=\"5.9.8\" \/>\n<input type=\"hidden\" name=\"_wpcf7_locale\" value=\"es_ES\" \/>\n<input type=\"hidden\" name=\"_wpcf7_unit_tag\" value=\"wpcf7-f1876-o1\" \/>\n<input type=\"hidden\" name=\"_wpcf7_container_post\" value=\"0\" \/>\n<input type=\"hidden\" name=\"_wpcf7_posted_data_hash\" value=\"\" \/>\n<\/div>\n<div class=\"flex-form\">\n\t<div class=\"form-group\">\n\t\t<p><label for=\"denuncia-asunto\">\u00bfSobre qu\u00e9 quiere informar?<\/label><br \/>\n<span class=\"wpcf7-form-control-wrap\" data-name=\"denuncia-asunto\"><input size=\"40\" maxlength=\"400\" class=\"wpcf7-form-control wpcf7-text wpcf7-validates-as-required denuncia-asunto\" id=\"denuncia-asunto\" aria-required=\"true\" aria-invalid=\"false\" placeholder=\"Especifique el asunto de la denuncia\" value=\"\" type=\"text\" name=\"denuncia-asunto\" \/><\/span>\n\t\t<\/p>\n\t<\/div>\n\t<div class=\"form-group\">\n\t\t<p><label for=\"denuncia-detalle\">Describa los hechos en detalle.<\/label><br \/>\n<span class=\"wpcf7-form-control-wrap\" data-name=\"denuncia-detalle\"><textarea cols=\"40\" rows=\"10\" maxlength=\"2000\" class=\"wpcf7-form-control wpcf7-textarea wpcf7-validates-as-required denuncia-detalle\" id=\"denuncia-detalle\" aria-required=\"true\" aria-invalid=\"false\" placeholder=\"Describa los hechos con la mayor precisi\u00f3n posible\" name=\"denuncia-detalle\"><\/textarea><\/span>\n\t\t<\/p>\n\t<\/div>\n\t<div class=\"form-group\">\n\t\t<p><label for=\"denuncia-vinculacion\">\u00bfCu\u00e1l es su vinculaci\u00f3n con respecto a los hechos denunciados?<\/label><br \/>\n<span class=\"wpcf7-form-control-wrap\" data-name=\"denuncia-vinculacion\"><input size=\"40\" maxlength=\"400\" class=\"wpcf7-form-control wpcf7-text wpcf7-validates-as-required denuncia-vinculacion\" id=\"denuncia-vinculacion\" aria-required=\"true\" aria-invalid=\"false\" placeholder=\"Ejemplo: testigo, afectado\/a, trabajador\/a, etc.\" value=\"\" type=\"text\" name=\"denuncia-vinculacion\" \/><\/span>\n\t\t<\/p>\n\t<\/div>\n\t<div class=\"form-group\">\n\t\t<p><label for=\"denuncia-pruebas\">\u00bfPuede aportar pruebas?<\/label><br \/>\n<span class=\"wpcf7-form-control-wrap\" data-name=\"radio-401\"><span class=\"wpcf7-form-control wpcf7-radio\"><span class=\"wpcf7-list-item first\"><label><input type=\"radio\" name=\"radio-401\" value=\"S\u00ed\" checked=\"checked\" \/><span class=\"wpcf7-list-item-label\">S\u00ed<\/span><\/label><\/span><span class=\"wpcf7-list-item last\"><label><input type=\"radio\" name=\"radio-401\" value=\"No\" \/><span class=\"wpcf7-list-item-label\">No<\/span><\/label><\/span><\/span><\/span>\n\t\t<\/p>\n\t<\/div>\n\t<div class=\"form-group conditional-pruebas\">\n\t\t<p><label for=\"denuncia-archivo\">Si ha respondido que s\u00ed, puede adjuntar documentos (Tama\u00f1o m\u00e1ximo: 1MB):<\/label><br \/>\n<span class=\"wpcf7-form-control-wrap\" data-name=\"denuncia-archivo\"><input size=\"40\" class=\"wpcf7-form-control wpcf7-file filetypespdfjpgpngdocdocx\" id=\"denuncia-archivo\" accept=\"audio\/*,video\/*,image\/*\" aria-invalid=\"false\" type=\"file\" name=\"denuncia-archivo\" \/><\/span>\n\t\t<\/p>\n\t<\/div>\n\t<div class=\"form-group\">\n\t\t<p><label for=\"mostrar-datos\">\u00bfQuiere facilitar sus datos de contacto?<\/label><br \/>\n<span class=\"wpcf7-form-control-wrap\" data-name=\"radio-402\"><span class=\"wpcf7-form-control wpcf7-radio\"><span class=\"wpcf7-list-item first\"><label><input type=\"radio\" name=\"radio-402\" value=\"S\u00ed\" checked=\"checked\" \/><span class=\"wpcf7-list-item-label\">S\u00ed<\/span><\/label><\/span><span class=\"wpcf7-list-item last\"><label><input type=\"radio\" name=\"radio-402\" value=\"No\" \/><span class=\"wpcf7-list-item-label\">No<\/span><\/label><\/span><\/span><\/span>\n\t\t<\/p>\n\t<\/div>\n\t<div class=\"form-group datos-contacto\">\n\t\t<p><label for=\"denuncia-archivo\">Si ha respondido que s\u00ed, rellene los campos siguientes:<\/label><br \/>\n<label for=\"denuncia-nombre\">Nombre y Apellidos<\/label><br \/>\n<span class=\"wpcf7-form-control-wrap\" data-name=\"denuncia-nombre\"><input size=\"40\" maxlength=\"400\" class=\"wpcf7-form-control wpcf7-text contact-nombre\" id=\"denuncia-nombre\" aria-invalid=\"false\" placeholder=\"Luis Gil\" value=\"\" type=\"text\" name=\"denuncia-nombre\" \/><\/span>\n\t\t<\/p>\n\t<\/div>\n\t<div class=\"form-group datos-contacto\">\n\t\t<p><label for=\"contact-nif\">NIF<\/label><br \/>\n<span class=\"wpcf7-form-control-wrap\" data-name=\"contact-nif\"><input size=\"40\" maxlength=\"400\" class=\"wpcf7-form-control wpcf7-text contact-nif\" id=\"contact-nif\" aria-invalid=\"false\" placeholder=\"12345678A\" value=\"\" type=\"text\" name=\"contact-nif\" \/><\/span>\n\t\t<\/p>\n\t<\/div>\n\t<div class=\"form-group datos-contacto\">\n\t\t<p><label for=\"denuncia-email\">Correo electr\u00f3nico<\/label><br \/>\n<span class=\"wpcf7-form-control-wrap\" data-name=\"denuncia-email\"><input size=\"40\" maxlength=\"400\" class=\"wpcf7-form-control wpcf7-email wpcf7-text wpcf7-validates-as-email contact-email\" id=\"denuncia-email\" aria-invalid=\"false\" placeholder=\"correo@ejemplo.com\" value=\"\" type=\"email\" name=\"denuncia-email\" \/><\/span>\n\t\t<\/p>\n\t<\/div>\n\t<div class=\"form-group datos-contacto\">\n\t\t<p><label for=\"contact-telefono\">Tel\u00e9fono<\/label><br \/>\n<span class=\"wpcf7-form-control-wrap\" data-name=\"contact-telefono\"><input size=\"40\" maxlength=\"400\" class=\"wpcf7-form-control wpcf7-tel wpcf7-text wpcf7-validates-as-tel contact-telefono\" id=\"contact-telefono\" aria-invalid=\"false\" placeholder=\"600123456\" value=\"\" type=\"tel\" name=\"contact-telefono\" \/><\/span>\n\t\t<\/p>\n\t<\/div>\n\t<div class=\"form-group\">\n\t\t<p><label>Introduzca el siguiente c\u00f3digo<\/label><br \/>\n<input type=\"hidden\" name=\"_wpcf7_captcha_challenge_captcha-1\" value=\"2101515877\" \/><img loading=\"lazy\" decoding=\"async\" class=\"wpcf7-form-control wpcf7-captchac wpcf7-captcha-captcha-1\" width=\"72\" height=\"24\" alt=\"captcha\" src=\"https:\/\/www.emfesa.es\/emfesa\/wp-content\/uploads\/wpcf7_captcha\/2101515877.png\" \/><span class=\"wpcf7-form-control-wrap\" data-name=\"captcha-1\"><input size=\"40\" class=\"wpcf7-form-control wpcf7-captchar\" autocomplete=\"off\" aria-invalid=\"false\" value=\"\" type=\"text\" name=\"captcha-1\" \/><\/span>\n\t\t<\/p>\n\t<\/div>\n\t<div class=\"form-group\">\n\t\t<p><input class=\"wpcf7-form-control wpcf7-submit has-spinner btn-primary color\" id=\"denuncia-btn\" type=\"submit\" value=\"Presentar Denuncia\" \/>\n\t\t<\/p>\n\t<\/div>\n<\/div><div class=\"wpcf7-response-output\" aria-hidden=\"true\"><\/div>\n<\/form>\n<\/div>\n\n<\/div>\n","protected":false},"excerpt":{"rendered":"<p>Este canal de denuncias interno sirve para informar confidencialmente sobre conductas irregulares de la organizaci\u00f3n de acuerdo a los requisitos de la Ley 2\/2023. El uso de este canal no implica la imposibilidad de acudir canales externos de informaci\u00f3n ante las autoridades competentes u otras instituciones, \u00f3rganos u organismos de la Uni\u00f3n Europea.<\/p>\n","protected":false},"author":1,"featured_media":0,"parent":0,"menu_order":0,"comment_status":"closed","ping_status":"closed","template":"one-column.php","meta":{"_eb_attr":"","_uag_custom_page_level_css":"","footnotes":""},"class_list":["post-1874","page","type-page","status-publish","hentry"],"yoast_head":"<!-- This site is optimized with the Yoast SEO plugin v23.6 - https:\/\/yoast.com\/wordpress\/plugins\/seo\/ -->\n<title>Canal de Denuncias - Web oficial de Emfesa<\/title>\n<meta name=\"description\" content=\"Desde este canal de denuncias se puede informar confidencialmente sobre conductas irregulares de Emfesa de acuerdo a la Ley 2\/2023.\" \/>\n<meta name=\"robots\" content=\"index, follow, max-snippet:-1, max-image-preview:large, max-video-preview:-1\" \/>\n<link rel=\"canonical\" href=\"https:\/\/www.emfesa.es\/emfesa\/canal-denuncias\/\" \/>\n<meta property=\"og:locale\" content=\"es_ES\" \/>\n<meta property=\"og:type\" content=\"article\" \/>\n<meta property=\"og:title\" content=\"Canal de Denuncias - Web oficial de Emfesa\" \/>\n<meta property=\"og:description\" content=\"Desde este canal de denuncias se puede informar confidencialmente sobre conductas irregulares de Emfesa de acuerdo a la Ley 2\/2023.\" \/>\n<meta property=\"og:url\" content=\"https:\/\/www.emfesa.es\/emfesa\/canal-denuncias\/\" \/>\n<meta property=\"og:site_name\" content=\"Web oficial de Emfesa\" \/>\n<meta property=\"article:modified_time\" content=\"2026-04-14T09:32:05+00:00\" \/>\n<meta name=\"twitter:card\" content=\"summary_large_image\" \/>\n<meta name=\"twitter:label1\" content=\"Tiempo de lectura\" \/>\n\t<meta name=\"twitter:data1\" content=\"1 minuto\" \/>\n<script type=\"application\/ld+json\" class=\"yoast-schema-graph\">{\"@context\":\"https:\/\/schema.org\",\"@graph\":[{\"@type\":\"WebPage\",\"@id\":\"https:\/\/www.emfesa.es\/emfesa\/canal-denuncias\/\",\"url\":\"https:\/\/www.emfesa.es\/emfesa\/canal-denuncias\/\",\"name\":\"Canal de Denuncias - Web oficial de Emfesa\",\"isPartOf\":{\"@id\":\"https:\/\/www.emfesa.es\/emfesa\/#website\"},\"datePublished\":\"2025-05-27T09:14:44+00:00\",\"dateModified\":\"2026-04-14T09:32:05+00:00\",\"description\":\"Desde este canal de denuncias se puede informar confidencialmente sobre conductas irregulares de Emfesa de acuerdo a la Ley 2\/2023.\",\"breadcrumb\":{\"@id\":\"https:\/\/www.emfesa.es\/emfesa\/canal-denuncias\/#breadcrumb\"},\"inLanguage\":\"es\",\"potentialAction\":[{\"@type\":\"ReadAction\",\"target\":[\"https:\/\/www.emfesa.es\/emfesa\/canal-denuncias\/\"]}]},{\"@type\":\"BreadcrumbList\",\"@id\":\"https:\/\/www.emfesa.es\/emfesa\/canal-denuncias\/#breadcrumb\",\"itemListElement\":[{\"@type\":\"ListItem\",\"position\":1,\"name\":\"Portada\",\"item\":\"https:\/\/www.emfesa.es\/emfesa\/\"},{\"@type\":\"ListItem\",\"position\":2,\"name\":\"Canal de Denuncias\"}]},{\"@type\":\"WebSite\",\"@id\":\"https:\/\/www.emfesa.es\/emfesa\/#website\",\"url\":\"https:\/\/www.emfesa.es\/emfesa\/\",\"name\":\"Web oficial de Emfesa\",\"description\":\"\",\"potentialAction\":[{\"@type\":\"SearchAction\",\"target\":{\"@type\":\"EntryPoint\",\"urlTemplate\":\"https:\/\/www.emfesa.es\/emfesa\/?s={search_term_string}\"},\"query-input\":{\"@type\":\"PropertyValueSpecification\",\"valueRequired\":true,\"valueName\":\"search_term_string\"}}],\"inLanguage\":\"es\"}]}<\/script>\n<!-- \/ Yoast SEO plugin. -->","yoast_head_json":{"title":"Canal de Denuncias - Web oficial de Emfesa","description":"Desde este canal de denuncias se puede informar confidencialmente sobre conductas irregulares de Emfesa de acuerdo a la Ley 2\/2023.","robots":{"index":"index","follow":"follow","max-snippet":"max-snippet:-1","max-image-preview":"max-image-preview:large","max-video-preview":"max-video-preview:-1"},"canonical":"https:\/\/www.emfesa.es\/emfesa\/canal-denuncias\/","og_locale":"es_ES","og_type":"article","og_title":"Canal de Denuncias - Web oficial de Emfesa","og_description":"Desde este canal de denuncias se puede informar confidencialmente sobre conductas irregulares de Emfesa de acuerdo a la Ley 2\/2023.","og_url":"https:\/\/www.emfesa.es\/emfesa\/canal-denuncias\/","og_site_name":"Web oficial de Emfesa","article_modified_time":"2026-04-14T09:32:05+00:00","twitter_card":"summary_large_image","twitter_misc":{"Tiempo de lectura":"1 minuto"},"schema":{"@context":"https:\/\/schema.org","@graph":[{"@type":"WebPage","@id":"https:\/\/www.emfesa.es\/emfesa\/canal-denuncias\/","url":"https:\/\/www.emfesa.es\/emfesa\/canal-denuncias\/","name":"Canal de Denuncias - Web oficial de Emfesa","isPartOf":{"@id":"https:\/\/www.emfesa.es\/emfesa\/#website"},"datePublished":"2025-05-27T09:14:44+00:00","dateModified":"2026-04-14T09:32:05+00:00","description":"Desde este canal de denuncias se puede informar confidencialmente sobre conductas irregulares de Emfesa de acuerdo a la Ley 2\/2023.","breadcrumb":{"@id":"https:\/\/www.emfesa.es\/emfesa\/canal-denuncias\/#breadcrumb"},"inLanguage":"es","potentialAction":[{"@type":"ReadAction","target":["https:\/\/www.emfesa.es\/emfesa\/canal-denuncias\/"]}]},{"@type":"BreadcrumbList","@id":"https:\/\/www.emfesa.es\/emfesa\/canal-denuncias\/#breadcrumb","itemListElement":[{"@type":"ListItem","position":1,"name":"Portada","item":"https:\/\/www.emfesa.es\/emfesa\/"},{"@type":"ListItem","position":2,"name":"Canal de Denuncias"}]},{"@type":"WebSite","@id":"https:\/\/www.emfesa.es\/emfesa\/#website","url":"https:\/\/www.emfesa.es\/emfesa\/","name":"Web oficial de Emfesa","description":"","potentialAction":[{"@type":"SearchAction","target":{"@type":"EntryPoint","urlTemplate":"https:\/\/www.emfesa.es\/emfesa\/?s={search_term_string}"},"query-input":{"@type":"PropertyValueSpecification","valueRequired":true,"valueName":"search_term_string"}}],"inLanguage":"es"}]}},"uagb_featured_image_src":{"full":false,"thumbnail":false,"medium":false,"medium_large":false,"large":false,"1536x1536":false,"2048x2048":false},"uagb_author_info":{"display_name":"emfesadmin","author_link":"https:\/\/www.emfesa.es\/emfesa\/author\/emfesadmin\/"},"uagb_comment_info":0,"uagb_excerpt":"Este canal de denuncias interno sirve para informar confidencialmente sobre conductas irregulares de la organizaci\u00f3n de acuerdo a los requisitos de la Ley 2\/2023. El uso de este canal no implica la imposibilidad de acudir canales externos de informaci\u00f3n ante las autoridades competentes u otras instituciones, \u00f3rganos u organismos de la Uni\u00f3n Europea.","_links":{"self":[{"href":"https:\/\/www.emfesa.es\/emfesa\/wp-json\/wp\/v2\/pages\/1874"}],"collection":[{"href":"https:\/\/www.emfesa.es\/emfesa\/wp-json\/wp\/v2\/pages"}],"about":[{"href":"https:\/\/www.emfesa.es\/emfesa\/wp-json\/wp\/v2\/types\/page"}],"author":[{"embeddable":true,"href":"https:\/\/www.emfesa.es\/emfesa\/wp-json\/wp\/v2\/users\/1"}],"replies":[{"embeddable":true,"href":"https:\/\/www.emfesa.es\/emfesa\/wp-json\/wp\/v2\/comments?post=1874"}],"version-history":[{"count":2,"href":"https:\/\/www.emfesa.es\/emfesa\/wp-json\/wp\/v2\/pages\/1874\/revisions"}],"predecessor-version":[{"id":1878,"href":"https:\/\/www.emfesa.es\/emfesa\/wp-json\/wp\/v2\/pages\/1874\/revisions\/1878"}],"wp:attachment":[{"href":"https:\/\/www.emfesa.es\/emfesa\/wp-json\/wp\/v2\/media?parent=1874"}],"curies":[{"name":"wp","href":"https:\/\/api.w.org\/{rel}","templated":true}]}}