{"id":2019,"date":"2025-06-20T16:53:45","date_gmt":"2025-06-20T14:53:45","guid":{"rendered":"https:\/\/www.emfesa.es\/emfesa\/?page_id=2019"},"modified":"2025-07-09T12:37:43","modified_gmt":"2025-07-09T10:37:43","slug":"consejo-de-administracion","status":"publish","type":"page","link":"https:\/\/www.emfesa.es\/emfesa\/sobre-nosotros\/consejo-de-administracion\/","title":{"rendered":"Consejo de Administraci\u00f3n"},"content":{"rendered":"\n<div class=\"wp-block-essential-blocks-row alignfull custom-card-perfil-bg p-0  root-eb-row-23rw4\"><div class=\"eb-parent-wrapper eb-parent-eb-row-23rw4 \"><div class=\"eb-row-root-container eb-row-23rw4\" data-id=\"eb-row-23rw4\"><div class=\"eb-row-wrapper\"><div class=\"eb-row-inner\">\n<div class=\"wp-block-essential-blocks-column  root-eb-column-5dfpu\"><div class=\"eb-parent-wrapper eb-parent-eb-column-5dfpu \"><div class=\"eb-column-wrapper eb-column-5dfpu\"><div class=\"eb-column-inner\">\n<div class=\"wp-block-essential-blocks-row alignfull  root-eb-row-8wg2k\"><div class=\"eb-parent-wrapper eb-parent-eb-row-8wg2k \"><div class=\"eb-row-root-container eb-row-8wg2k\" data-id=\"eb-row-8wg2k\"><div class=\"eb-row-wrapper\"><div class=\"eb-row-inner\">\n<div class=\"wp-block-essential-blocks-column  root-eb-column-ttl2n\"><div class=\"eb-parent-wrapper eb-parent-eb-column-ttl2n \"><div class=\"eb-column-wrapper eb-column-ttl2n\"><div class=\"eb-column-inner\">\n<div class=\"wp-block-uagb-image aligncenter uagb-block-9f766731 wp-block-uagb-image--layout-default wp-block-uagb-image--effect-static wp-block-uagb-image--align-center\"><figure class=\"wp-block-uagb-image__figure\"><img decoding=\"async\" srcset=\"https:\/\/www.emfesa.es\/emfesa\/wp-content\/uploads\/2025\/07\/undraw_data_0ml2-1024x718.png ,https:\/\/www.emfesa.es\/emfesa\/wp-content\/uploads\/2025\/07\/undraw_data_0ml2.png 780w, https:\/\/www.emfesa.es\/emfesa\/wp-content\/uploads\/2025\/07\/undraw_data_0ml2.png 360w\" sizes=\"(max-width: 480px) 150px\" src=\"https:\/\/www.emfesa.es\/emfesa\/wp-content\/uploads\/2025\/07\/undraw_data_0ml2-1024x718.png\" alt=\"\" class=\"uag-image-2113\" width=\"374\" height=\"252\" title=\"undraw_data_0ml2\" loading=\"lazy\" role=\"img\"\/><\/figure><\/div>\n<\/div><\/div><\/div><\/div>\n\n\n\n<div class=\"wp-block-essential-blocks-column  root-eb-column-tqeby\"><div class=\"eb-parent-wrapper eb-parent-eb-column-tqeby \"><div class=\"eb-column-wrapper eb-column-tqeby\"><div class=\"eb-column-inner\">\n<div class=\"wp-block-group is-vertical is-layout-flex wp-container-core-group-is-layout-1 wp-block-group-is-layout-flex\">\n<h2 class=\"wp-block-heading\" style=\"font-size:28px\">Composici\u00f3n<\/h2>\n\n\n\n<p><strong>Presidente:<\/strong> Alfonso de Ochoa de Olza Gale<\/p>\n\n\n\n<p><strong>Secretaria:<\/strong> Paloma Conde Barreiro<\/p>\n\n\n\n<p><strong>Secretaria Adjunta:<\/strong> Eva M\u00aa Fern\u00e1ndez Rodr\u00edguez<\/p>\n\n\n\n<p><strong>&nbsp;Vocales: <\/strong><\/p>\n\n\n\n<ul class=\"wp-block-list\">\n<li>Eugenio Nasarre Serrano<\/li>\n\n\n\n<li>Gustavo Adolfo Alv\u00e1rez<\/li>\n\n\n\n<li>Elena Gonz\u00e1lez G\u00f3mez<\/li>\n\n\n\n<li>Elena Artalejo Molinera<\/li>\n\n\n\n<li>Carlos Parrilla Alcaide<\/li>\n\n\n\n<li>C\u00e9sar Recover Lorente<\/li>\n\n\n\n<li>Jes\u00fas M\u00aa Campo Campo<\/li>\n<\/ul>\n\n\n\n<p><\/p>\n\n\n\n<div class=\"wp-block-buttons is-layout-flex wp-block-buttons-is-layout-flex\"><\/div>\n<\/div>\n<\/div><\/div><\/div><\/div>\n<\/div><\/div><\/div><\/div><\/div>\n<\/div><\/div><\/div><\/div>\n<\/div><\/div><\/div><\/div><\/div>\n\n\n\n<p><\/p>\n","protected":false},"excerpt":{"rendered":"","protected":false},"author":1,"featured_media":0,"parent":27,"menu_order":0,"comment_status":"closed","ping_status":"closed","template":"one-column.php","meta":{"_eb_attr":"","_uag_custom_page_level_css":"","footnotes":""},"class_list":["post-2019","page","type-page","status-publish","hentry"],"yoast_head":"<!-- This site is optimized with the Yoast SEO plugin v23.6 - https:\/\/yoast.com\/wordpress\/plugins\/seo\/ -->\n<title>Consejo de Administraci\u00f3n - Web oficial de Emfesa<\/title>\n<meta name=\"description\" content=\"En esta p\u00e1gina tiene a su disposici\u00f3n la informaci\u00f3n sobre la composici\u00f3n del Consejo de Administraci\u00f3n de Emfesa.\" \/>\n<meta name=\"robots\" content=\"index, follow, max-snippet:-1, max-image-preview:large, max-video-preview:-1\" \/>\n<link rel=\"canonical\" href=\"https:\/\/www.emfesa.es\/emfesa\/sobre-nosotros\/consejo-de-administracion\/\" \/>\n<meta property=\"og:locale\" content=\"es_ES\" \/>\n<meta property=\"og:type\" content=\"article\" \/>\n<meta property=\"og:title\" content=\"Consejo de Administraci\u00f3n - Web oficial de Emfesa\" \/>\n<meta property=\"og:description\" content=\"En esta p\u00e1gina tiene a su disposici\u00f3n la informaci\u00f3n sobre la composici\u00f3n del Consejo de Administraci\u00f3n de Emfesa.\" \/>\n<meta property=\"og:url\" content=\"https:\/\/www.emfesa.es\/emfesa\/sobre-nosotros\/consejo-de-administracion\/\" \/>\n<meta property=\"og:site_name\" content=\"Web oficial de Emfesa\" \/>\n<meta property=\"article:modified_time\" content=\"2025-07-09T10:37:43+00:00\" \/>\n<meta property=\"og:image\" content=\"https:\/\/www.emfesa.es\/emfesa\/wp-content\/uploads\/2025\/07\/undraw_data_0ml2-1024x718.png\" \/>\n<meta name=\"twitter:card\" content=\"summary_large_image\" \/>\n<meta name=\"twitter:label1\" content=\"Tiempo de lectura\" \/>\n\t<meta name=\"twitter:data1\" content=\"1 minuto\" \/>\n<script type=\"application\/ld+json\" class=\"yoast-schema-graph\">{\"@context\":\"https:\/\/schema.org\",\"@graph\":[{\"@type\":\"WebPage\",\"@id\":\"https:\/\/www.emfesa.es\/emfesa\/sobre-nosotros\/consejo-de-administracion\/\",\"url\":\"https:\/\/www.emfesa.es\/emfesa\/sobre-nosotros\/consejo-de-administracion\/\",\"name\":\"Consejo de Administraci\u00f3n - Web oficial de Emfesa\",\"isPartOf\":{\"@id\":\"https:\/\/www.emfesa.es\/emfesa\/#website\"},\"primaryImageOfPage\":{\"@id\":\"https:\/\/www.emfesa.es\/emfesa\/sobre-nosotros\/consejo-de-administracion\/#primaryimage\"},\"image\":{\"@id\":\"https:\/\/www.emfesa.es\/emfesa\/sobre-nosotros\/consejo-de-administracion\/#primaryimage\"},\"thumbnailUrl\":\"https:\/\/www.emfesa.es\/emfesa\/wp-content\/uploads\/2025\/07\/undraw_data_0ml2-1024x718.png\",\"datePublished\":\"2025-06-20T14:53:45+00:00\",\"dateModified\":\"2025-07-09T10:37:43+00:00\",\"description\":\"En esta p\u00e1gina tiene a su disposici\u00f3n la informaci\u00f3n sobre la composici\u00f3n del Consejo de Administraci\u00f3n de Emfesa.\",\"breadcrumb\":{\"@id\":\"https:\/\/www.emfesa.es\/emfesa\/sobre-nosotros\/consejo-de-administracion\/#breadcrumb\"},\"inLanguage\":\"es\",\"potentialAction\":[{\"@type\":\"ReadAction\",\"target\":[\"https:\/\/www.emfesa.es\/emfesa\/sobre-nosotros\/consejo-de-administracion\/\"]}]},{\"@type\":\"ImageObject\",\"inLanguage\":\"es\",\"@id\":\"https:\/\/www.emfesa.es\/emfesa\/sobre-nosotros\/consejo-de-administracion\/#primaryimage\",\"url\":\"https:\/\/www.emfesa.es\/emfesa\/wp-content\/uploads\/2025\/07\/undraw_data_0ml2.png\",\"contentUrl\":\"https:\/\/www.emfesa.es\/emfesa\/wp-content\/uploads\/2025\/07\/undraw_data_0ml2.png\",\"width\":1990,\"height\":1395},{\"@type\":\"BreadcrumbList\",\"@id\":\"https:\/\/www.emfesa.es\/emfesa\/sobre-nosotros\/consejo-de-administracion\/#breadcrumb\",\"itemListElement\":[{\"@type\":\"ListItem\",\"position\":1,\"name\":\"Portada\",\"item\":\"https:\/\/www.emfesa.es\/emfesa\/\"},{\"@type\":\"ListItem\",\"position\":2,\"name\":\"Sobre nosotros\",\"item\":\"https:\/\/www.emfesa.es\/emfesa\/sobre-nosotros\/\"},{\"@type\":\"ListItem\",\"position\":3,\"name\":\"Consejo de Administraci\u00f3n\"}]},{\"@type\":\"WebSite\",\"@id\":\"https:\/\/www.emfesa.es\/emfesa\/#website\",\"url\":\"https:\/\/www.emfesa.es\/emfesa\/\",\"name\":\"Web oficial de Emfesa\",\"description\":\"\",\"potentialAction\":[{\"@type\":\"SearchAction\",\"target\":{\"@type\":\"EntryPoint\",\"urlTemplate\":\"https:\/\/www.emfesa.es\/emfesa\/?s={search_term_string}\"},\"query-input\":{\"@type\":\"PropertyValueSpecification\",\"valueRequired\":true,\"valueName\":\"search_term_string\"}}],\"inLanguage\":\"es\"}]}<\/script>\n<!-- \/ Yoast SEO plugin. -->","yoast_head_json":{"title":"Consejo de Administraci\u00f3n - Web oficial de Emfesa","description":"En esta p\u00e1gina tiene a su disposici\u00f3n la informaci\u00f3n sobre la composici\u00f3n del Consejo de Administraci\u00f3n de Emfesa.","robots":{"index":"index","follow":"follow","max-snippet":"max-snippet:-1","max-image-preview":"max-image-preview:large","max-video-preview":"max-video-preview:-1"},"canonical":"https:\/\/www.emfesa.es\/emfesa\/sobre-nosotros\/consejo-de-administracion\/","og_locale":"es_ES","og_type":"article","og_title":"Consejo de Administraci\u00f3n - Web oficial de Emfesa","og_description":"En esta p\u00e1gina tiene a su disposici\u00f3n la informaci\u00f3n sobre la composici\u00f3n del Consejo de Administraci\u00f3n de Emfesa.","og_url":"https:\/\/www.emfesa.es\/emfesa\/sobre-nosotros\/consejo-de-administracion\/","og_site_name":"Web oficial de Emfesa","article_modified_time":"2025-07-09T10:37:43+00:00","og_image":[{"url":"https:\/\/www.emfesa.es\/emfesa\/wp-content\/uploads\/2025\/07\/undraw_data_0ml2-1024x718.png"}],"twitter_card":"summary_large_image","twitter_misc":{"Tiempo de lectura":"1 minuto"},"schema":{"@context":"https:\/\/schema.org","@graph":[{"@type":"WebPage","@id":"https:\/\/www.emfesa.es\/emfesa\/sobre-nosotros\/consejo-de-administracion\/","url":"https:\/\/www.emfesa.es\/emfesa\/sobre-nosotros\/consejo-de-administracion\/","name":"Consejo de Administraci\u00f3n - Web oficial de Emfesa","isPartOf":{"@id":"https:\/\/www.emfesa.es\/emfesa\/#website"},"primaryImageOfPage":{"@id":"https:\/\/www.emfesa.es\/emfesa\/sobre-nosotros\/consejo-de-administracion\/#primaryimage"},"image":{"@id":"https:\/\/www.emfesa.es\/emfesa\/sobre-nosotros\/consejo-de-administracion\/#primaryimage"},"thumbnailUrl":"https:\/\/www.emfesa.es\/emfesa\/wp-content\/uploads\/2025\/07\/undraw_data_0ml2-1024x718.png","datePublished":"2025-06-20T14:53:45+00:00","dateModified":"2025-07-09T10:37:43+00:00","description":"En esta p\u00e1gina tiene a su disposici\u00f3n la informaci\u00f3n sobre la composici\u00f3n del Consejo de Administraci\u00f3n de Emfesa.","breadcrumb":{"@id":"https:\/\/www.emfesa.es\/emfesa\/sobre-nosotros\/consejo-de-administracion\/#breadcrumb"},"inLanguage":"es","potentialAction":[{"@type":"ReadAction","target":["https:\/\/www.emfesa.es\/emfesa\/sobre-nosotros\/consejo-de-administracion\/"]}]},{"@type":"ImageObject","inLanguage":"es","@id":"https:\/\/www.emfesa.es\/emfesa\/sobre-nosotros\/consejo-de-administracion\/#primaryimage","url":"https:\/\/www.emfesa.es\/emfesa\/wp-content\/uploads\/2025\/07\/undraw_data_0ml2.png","contentUrl":"https:\/\/www.emfesa.es\/emfesa\/wp-content\/uploads\/2025\/07\/undraw_data_0ml2.png","width":1990,"height":1395},{"@type":"BreadcrumbList","@id":"https:\/\/www.emfesa.es\/emfesa\/sobre-nosotros\/consejo-de-administracion\/#breadcrumb","itemListElement":[{"@type":"ListItem","position":1,"name":"Portada","item":"https:\/\/www.emfesa.es\/emfesa\/"},{"@type":"ListItem","position":2,"name":"Sobre nosotros","item":"https:\/\/www.emfesa.es\/emfesa\/sobre-nosotros\/"},{"@type":"ListItem","position":3,"name":"Consejo de Administraci\u00f3n"}]},{"@type":"WebSite","@id":"https:\/\/www.emfesa.es\/emfesa\/#website","url":"https:\/\/www.emfesa.es\/emfesa\/","name":"Web oficial de Emfesa","description":"","potentialAction":[{"@type":"SearchAction","target":{"@type":"EntryPoint","urlTemplate":"https:\/\/www.emfesa.es\/emfesa\/?s={search_term_string}"},"query-input":{"@type":"PropertyValueSpecification","valueRequired":true,"valueName":"search_term_string"}}],"inLanguage":"es"}]}},"uagb_featured_image_src":{"full":false,"thumbnail":false,"medium":false,"medium_large":false,"large":false,"1536x1536":false,"2048x2048":false},"uagb_author_info":{"display_name":"emfesadmin","author_link":"https:\/\/www.emfesa.es\/emfesa\/author\/emfesadmin\/"},"uagb_comment_info":0,"uagb_excerpt":null,"_links":{"self":[{"href":"https:\/\/www.emfesa.es\/emfesa\/wp-json\/wp\/v2\/pages\/2019"}],"collection":[{"href":"https:\/\/www.emfesa.es\/emfesa\/wp-json\/wp\/v2\/pages"}],"about":[{"href":"https:\/\/www.emfesa.es\/emfesa\/wp-json\/wp\/v2\/types\/page"}],"author":[{"embeddable":true,"href":"https:\/\/www.emfesa.es\/emfesa\/wp-json\/wp\/v2\/users\/1"}],"replies":[{"embeddable":true,"href":"https:\/\/www.emfesa.es\/emfesa\/wp-json\/wp\/v2\/comments?post=2019"}],"version-history":[{"count":15,"href":"https:\/\/www.emfesa.es\/emfesa\/wp-json\/wp\/v2\/pages\/2019\/revisions"}],"predecessor-version":[{"id":2115,"href":"https:\/\/www.emfesa.es\/emfesa\/wp-json\/wp\/v2\/pages\/2019\/revisions\/2115"}],"up":[{"embeddable":true,"href":"https:\/\/www.emfesa.es\/emfesa\/wp-json\/wp\/v2\/pages\/27"}],"wp:attachment":[{"href":"https:\/\/www.emfesa.es\/emfesa\/wp-json\/wp\/v2\/media?parent=2019"}],"curies":[{"name":"wp","href":"https:\/\/api.w.org\/{rel}","templated":true}]}}