{"id":450,"date":"2024-10-18T12:58:14","date_gmt":"2024-10-18T10:58:14","guid":{"rendered":"https:\/\/atropos.guadaltel.es\/emfesa\/?page_id=450"},"modified":"2024-11-15T10:18:10","modified_gmt":"2024-11-15T09:18:10","slug":"filosofia-mision-vision-valores","status":"publish","type":"page","link":"https:\/\/www.emfesa.es\/emfesa\/sobre-nosotros\/filosofia-mision-vision-valores\/","title":{"rendered":"Nuestra filosof\u00eda"},"content":{"rendered":"\n<div class=\"wp-block-columns is-layout-flex wp-container-core-columns-is-layout-1 wp-block-columns-is-layout-flex\">\n<div class=\"wp-block-column is-layout-flow wp-block-column-is-layout-flow\">\n<div class=\"wp-block-group is-vertical is-layout-flex wp-container-core-group-is-layout-1 wp-block-group-is-layout-flex\">\n<h2 class=\"wp-block-heading\">Misi\u00f3n<\/h2>\n\n\n\n<figure class=\"wp-block-image size-large\"><img decoding=\"async\" src=\"https:\/\/www.emfesa.es\/emfesa\/wp-content\/uploads\/2024\/10\/DESBROZADORA.jpg\" alt=\"\" style=\"aspect-ratio:16\/9;object-fit:cover\"\/><\/figure>\n\n\n\n<p class=\"mt-3 wp-container-content-1\" style=\"font-size:16px\">Ser reconocidos por nuestras empresas matrices como un medio propio personificado, con capacidad de prestar servicios de forma integral a lo largo de la cadena de valor ferroviaria, con un marcado acento en el \u00e1mbito medioambiental y en la econom\u00eda circular.<\/p>\n<\/div>\n<\/div>\n\n\n\n<div class=\"wp-block-column is-vertically-aligned-bottom is-layout-flow wp-block-column-is-layout-flow\">\n<h2 class=\"wp-block-heading\">Visi\u00f3n<\/h2>\n\n\n\n<figure class=\"wp-block-image size-large\"><img decoding=\"async\" src=\"https:\/\/www.emfesa.es\/emfesa\/wp-content\/uploads\/2024\/10\/CARGA-VIA-CARRIL-CAMION.jpg\" alt=\"\" style=\"aspect-ratio:16\/9;object-fit:cover\"\/><\/figure>\n\n\n\n<p class=\"mt-3 wp-container-content-2\" style=\"font-size:16px\">Ser una sociedad mercantil estatal multiprestadora de servicios, que cubra las necesidades operativas de Adif y Adif AV, as\u00ed como de otros poderes adjudicadores que le puedan hacer encargos, con agilidad, adaptabilidad, calidad y eficacia.<\/p>\n<\/div>\n<\/div>\n\n\n\n<div style=\"height:30px\" aria-hidden=\"true\" class=\"wp-block-spacer\"><\/div>\n\n\n\n<h2 class=\"wp-block-heading has-text-align-center\">Nuestros Valores<\/h2>\n\n\n\n<div style=\"height:30px\" aria-hidden=\"true\" class=\"wp-block-spacer\"><\/div>\n\n\n\n<div class=\"wp-block-columns cols-5 is-layout-flex wp-container-core-columns-is-layout-2 wp-block-columns-is-layout-flex\">\n<div class=\"wp-block-column is-layout-flow wp-block-column-is-layout-flow\">\n<div class=\"wp-block-essential-blocks-infobox box-fill  root-eb-infobox-ng7mz\"><div class=\"eb-parent-wrapper eb-parent-eb-infobox-ng7mz \"><div class=\"eb-infobox-ng7mz eb-infobox-wrapper\"><div class=\"infobox-wrapper-inner\"><div class=\"icon-img-wrapper\"><div class=\"eb-icon number-or-icon\"><i icon=\"fas fa-certificate\" class=\"fas fa-certificate eb-infobox-icon-data-selector\"><\/i><\/div><\/div><div class=\"contents-wrapper\"><h2 class=\"title\">Excelencia<\/h2><p class=\"description\">B\u00fasqueda constante de ofrecer servicios de m\u00e1xima calidad, aplicando un enfoque de mejora continua.<\/p><\/div><\/div><\/div><\/div><\/div>\n<\/div>\n\n\n\n<div class=\"wp-block-column is-layout-flow wp-block-column-is-layout-flow\">\n<div class=\"wp-block-essential-blocks-infobox box-fill  root-eb-infobox-mqknh\"><div class=\"eb-parent-wrapper eb-parent-eb-infobox-mqknh \"><div class=\"eb-infobox-mqknh eb-infobox-wrapper\"><div class=\"infobox-wrapper-inner\"><div class=\"icon-img-wrapper\"><div class=\"eb-icon number-or-icon\"><i icon=\"fas fa-eye\" class=\"fas fa-eye eb-infobox-icon-data-selector\"><\/i><\/div><\/div><div class=\"contents-wrapper\"><h2 class=\"title\">Transparencia<\/h2><p class=\"description\">Ser una entidad objetiva y verificable para con sus clientes y proveedores.<\/p><\/div><\/div><\/div><\/div><\/div>\n<\/div>\n\n\n\n<div class=\"wp-block-column is-layout-flow wp-block-column-is-layout-flow\">\n<div class=\"wp-block-essential-blocks-infobox box-fill  root-eb-infobox-bmoxz\"><div class=\"eb-parent-wrapper eb-parent-eb-infobox-bmoxz \"><div class=\"eb-infobox-bmoxz eb-infobox-wrapper\"><div class=\"infobox-wrapper-inner\"><div class=\"icon-img-wrapper\"><div class=\"eb-icon number-or-icon\"><i icon=\"fas fa-handshake-simple\" class=\"fas fa-handshake-simple eb-infobox-icon-data-selector\"><\/i><\/div><\/div><div class=\"contents-wrapper\"><h2 class=\"title\">Orientaci\u00f3n al cliente<\/h2><p class=\"description\">Desarrollar relaciones estables, de largo plazo, buscando un entendimiento continuo de sus necesidades.<\/p><\/div><\/div><\/div><\/div><\/div>\n<\/div>\n\n\n\n<div class=\"wp-block-column is-layout-flow wp-block-column-is-layout-flow\">\n<div class=\"wp-block-essential-blocks-infobox box-fill  root-eb-infobox-dg4xl\"><div class=\"eb-parent-wrapper eb-parent-eb-infobox-dg4xl \"><div class=\"eb-infobox-dg4xl eb-infobox-wrapper\"><div class=\"infobox-wrapper-inner\"><div class=\"icon-img-wrapper\"><div class=\"eb-icon number-or-icon\"><i icon=\"fas fa-arrows-spin\" class=\"fas fa-arrows-spin eb-infobox-icon-data-selector\"><\/i><\/div><\/div><div class=\"contents-wrapper\"><h2 class=\"title\">Eficiencia<\/h2><p class=\"description\">Realizaci\u00f3n de encargos a costes competitivos.<\/p><\/div><\/div><\/div><\/div><\/div>\n<\/div>\n\n\n\n<div class=\"wp-block-column is-layout-flow wp-block-column-is-layout-flow\">\n<div class=\"wp-block-essential-blocks-infobox box-fill  root-eb-infobox-w1akr\"><div class=\"eb-parent-wrapper eb-parent-eb-infobox-w1akr \"><div class=\"eb-infobox-w1akr eb-infobox-wrapper\"><div class=\"infobox-wrapper-inner\"><div class=\"icon-img-wrapper\"><div class=\"eb-icon number-or-icon\"><i icon=\"fas fa-leaf\" class=\"fas fa-leaf eb-infobox-icon-data-selector\"><\/i><\/div><\/div><div class=\"contents-wrapper\"><h2 class=\"title\">Sostenibilidad ambiental<\/h2><p class=\"description\">Impulsar los Objetivos de Desarrollo Sostenible, promoviendo un m\u00e1ximo respeto por el medioambiente y practicando la econom\u00eda circular.<\/p><\/div><\/div><\/div><\/div><\/div>\n<\/div>\n<\/div>\n","protected":false},"excerpt":{"rendered":"<p>Misi\u00f3n Ser reconocidos por nuestras empresas matrices como un medio propio personificado, con capacidad de prestar servicios de forma integral a lo largo de la cadena de valor ferroviaria, con un marcado acento en el \u00e1mbito medioambiental y en la econom\u00eda circular. Visi\u00f3n Ser una sociedad mercantil estatal multiprestadora de servicios, que cubra las necesidades [&hellip;]<\/p>\n","protected":false},"author":1,"featured_media":0,"parent":27,"menu_order":0,"comment_status":"closed","ping_status":"closed","template":"one-column.php","meta":{"_eb_attr":"","_uag_custom_page_level_css":"","footnotes":""},"class_list":["post-450","page","type-page","status-publish","hentry"],"yoast_head":"<!-- This site is optimized with the Yoast SEO plugin v23.6 - https:\/\/yoast.com\/wordpress\/plugins\/seo\/ -->\n<title>Nuestra filosof\u00eda - Web oficial de Emfesa<\/title>\n<meta name=\"robots\" content=\"index, follow, max-snippet:-1, max-image-preview:large, max-video-preview:-1\" \/>\n<link rel=\"canonical\" href=\"https:\/\/www.emfesa.es\/emfesa\/sobre-nosotros\/filosofia-mision-vision-valores\/\" \/>\n<meta property=\"og:locale\" content=\"es_ES\" \/>\n<meta property=\"og:type\" content=\"article\" \/>\n<meta property=\"og:title\" content=\"Nuestra filosof\u00eda - Web oficial de Emfesa\" \/>\n<meta property=\"og:description\" content=\"Misi\u00f3n Ser reconocidos por nuestras empresas matrices como un medio propio personificado, con capacidad de prestar servicios de forma integral a lo largo de la cadena de valor ferroviaria, con un marcado acento en el \u00e1mbito medioambiental y en la econom\u00eda circular. Visi\u00f3n Ser una sociedad mercantil estatal multiprestadora de servicios, que cubra las necesidades [&hellip;]\" \/>\n<meta property=\"og:url\" content=\"https:\/\/www.emfesa.es\/emfesa\/sobre-nosotros\/filosofia-mision-vision-valores\/\" \/>\n<meta property=\"og:site_name\" content=\"Web oficial de Emfesa\" \/>\n<meta property=\"article:modified_time\" content=\"2024-11-15T09:18:10+00:00\" \/>\n<meta property=\"og:image\" content=\"https:\/\/www.emfesa.es\/emfesa\/wp-content\/uploads\/2024\/10\/DESBROZADORA.jpg\" \/>\n<meta name=\"twitter:card\" content=\"summary_large_image\" \/>\n<meta name=\"twitter:label1\" content=\"Tiempo de lectura\" \/>\n\t<meta name=\"twitter:data1\" content=\"2 minutos\" \/>\n<script type=\"application\/ld+json\" class=\"yoast-schema-graph\">{\"@context\":\"https:\/\/schema.org\",\"@graph\":[{\"@type\":\"WebPage\",\"@id\":\"https:\/\/www.emfesa.es\/emfesa\/sobre-nosotros\/filosofia-mision-vision-valores\/\",\"url\":\"https:\/\/www.emfesa.es\/emfesa\/sobre-nosotros\/filosofia-mision-vision-valores\/\",\"name\":\"Nuestra filosof\u00eda - Web oficial de Emfesa\",\"isPartOf\":{\"@id\":\"https:\/\/www.emfesa.es\/emfesa\/#website\"},\"primaryImageOfPage\":{\"@id\":\"https:\/\/www.emfesa.es\/emfesa\/sobre-nosotros\/filosofia-mision-vision-valores\/#primaryimage\"},\"image\":{\"@id\":\"https:\/\/www.emfesa.es\/emfesa\/sobre-nosotros\/filosofia-mision-vision-valores\/#primaryimage\"},\"thumbnailUrl\":\"https:\/\/www.emfesa.es\/emfesa\/wp-content\/uploads\/2024\/10\/DESBROZADORA.jpg\",\"datePublished\":\"2024-10-18T10:58:14+00:00\",\"dateModified\":\"2024-11-15T09:18:10+00:00\",\"breadcrumb\":{\"@id\":\"https:\/\/www.emfesa.es\/emfesa\/sobre-nosotros\/filosofia-mision-vision-valores\/#breadcrumb\"},\"inLanguage\":\"es\",\"potentialAction\":[{\"@type\":\"ReadAction\",\"target\":[\"https:\/\/www.emfesa.es\/emfesa\/sobre-nosotros\/filosofia-mision-vision-valores\/\"]}]},{\"@type\":\"ImageObject\",\"inLanguage\":\"es\",\"@id\":\"https:\/\/www.emfesa.es\/emfesa\/sobre-nosotros\/filosofia-mision-vision-valores\/#primaryimage\",\"url\":\"https:\/\/www.emfesa.es\/emfesa\/wp-content\/uploads\/2024\/10\/DESBROZADORA.jpg\",\"contentUrl\":\"https:\/\/www.emfesa.es\/emfesa\/wp-content\/uploads\/2024\/10\/DESBROZADORA.jpg\"},{\"@type\":\"BreadcrumbList\",\"@id\":\"https:\/\/www.emfesa.es\/emfesa\/sobre-nosotros\/filosofia-mision-vision-valores\/#breadcrumb\",\"itemListElement\":[{\"@type\":\"ListItem\",\"position\":1,\"name\":\"Portada\",\"item\":\"https:\/\/www.emfesa.es\/emfesa\/\"},{\"@type\":\"ListItem\",\"position\":2,\"name\":\"Sobre nosotros\",\"item\":\"https:\/\/www.emfesa.es\/emfesa\/sobre-nosotros\/\"},{\"@type\":\"ListItem\",\"position\":3,\"name\":\"Nuestra filosof\u00eda\"}]},{\"@type\":\"WebSite\",\"@id\":\"https:\/\/www.emfesa.es\/emfesa\/#website\",\"url\":\"https:\/\/www.emfesa.es\/emfesa\/\",\"name\":\"Web oficial de Emfesa\",\"description\":\"\",\"potentialAction\":[{\"@type\":\"SearchAction\",\"target\":{\"@type\":\"EntryPoint\",\"urlTemplate\":\"https:\/\/www.emfesa.es\/emfesa\/?s={search_term_string}\"},\"query-input\":{\"@type\":\"PropertyValueSpecification\",\"valueRequired\":true,\"valueName\":\"search_term_string\"}}],\"inLanguage\":\"es\"}]}<\/script>\n<!-- \/ Yoast SEO plugin. -->","yoast_head_json":{"title":"Nuestra filosof\u00eda - Web oficial de Emfesa","robots":{"index":"index","follow":"follow","max-snippet":"max-snippet:-1","max-image-preview":"max-image-preview:large","max-video-preview":"max-video-preview:-1"},"canonical":"https:\/\/www.emfesa.es\/emfesa\/sobre-nosotros\/filosofia-mision-vision-valores\/","og_locale":"es_ES","og_type":"article","og_title":"Nuestra filosof\u00eda - Web oficial de Emfesa","og_description":"Misi\u00f3n Ser reconocidos por nuestras empresas matrices como un medio propio personificado, con capacidad de prestar servicios de forma integral a lo largo de la cadena de valor ferroviaria, con un marcado acento en el \u00e1mbito medioambiental y en la econom\u00eda circular. Visi\u00f3n Ser una sociedad mercantil estatal multiprestadora de servicios, que cubra las necesidades [&hellip;]","og_url":"https:\/\/www.emfesa.es\/emfesa\/sobre-nosotros\/filosofia-mision-vision-valores\/","og_site_name":"Web oficial de Emfesa","article_modified_time":"2024-11-15T09:18:10+00:00","og_image":[{"url":"https:\/\/www.emfesa.es\/emfesa\/wp-content\/uploads\/2024\/10\/DESBROZADORA.jpg"}],"twitter_card":"summary_large_image","twitter_misc":{"Tiempo de lectura":"2 minutos"},"schema":{"@context":"https:\/\/schema.org","@graph":[{"@type":"WebPage","@id":"https:\/\/www.emfesa.es\/emfesa\/sobre-nosotros\/filosofia-mision-vision-valores\/","url":"https:\/\/www.emfesa.es\/emfesa\/sobre-nosotros\/filosofia-mision-vision-valores\/","name":"Nuestra filosof\u00eda - Web oficial de Emfesa","isPartOf":{"@id":"https:\/\/www.emfesa.es\/emfesa\/#website"},"primaryImageOfPage":{"@id":"https:\/\/www.emfesa.es\/emfesa\/sobre-nosotros\/filosofia-mision-vision-valores\/#primaryimage"},"image":{"@id":"https:\/\/www.emfesa.es\/emfesa\/sobre-nosotros\/filosofia-mision-vision-valores\/#primaryimage"},"thumbnailUrl":"https:\/\/www.emfesa.es\/emfesa\/wp-content\/uploads\/2024\/10\/DESBROZADORA.jpg","datePublished":"2024-10-18T10:58:14+00:00","dateModified":"2024-11-15T09:18:10+00:00","breadcrumb":{"@id":"https:\/\/www.emfesa.es\/emfesa\/sobre-nosotros\/filosofia-mision-vision-valores\/#breadcrumb"},"inLanguage":"es","potentialAction":[{"@type":"ReadAction","target":["https:\/\/www.emfesa.es\/emfesa\/sobre-nosotros\/filosofia-mision-vision-valores\/"]}]},{"@type":"ImageObject","inLanguage":"es","@id":"https:\/\/www.emfesa.es\/emfesa\/sobre-nosotros\/filosofia-mision-vision-valores\/#primaryimage","url":"https:\/\/www.emfesa.es\/emfesa\/wp-content\/uploads\/2024\/10\/DESBROZADORA.jpg","contentUrl":"https:\/\/www.emfesa.es\/emfesa\/wp-content\/uploads\/2024\/10\/DESBROZADORA.jpg"},{"@type":"BreadcrumbList","@id":"https:\/\/www.emfesa.es\/emfesa\/sobre-nosotros\/filosofia-mision-vision-valores\/#breadcrumb","itemListElement":[{"@type":"ListItem","position":1,"name":"Portada","item":"https:\/\/www.emfesa.es\/emfesa\/"},{"@type":"ListItem","position":2,"name":"Sobre nosotros","item":"https:\/\/www.emfesa.es\/emfesa\/sobre-nosotros\/"},{"@type":"ListItem","position":3,"name":"Nuestra filosof\u00eda"}]},{"@type":"WebSite","@id":"https:\/\/www.emfesa.es\/emfesa\/#website","url":"https:\/\/www.emfesa.es\/emfesa\/","name":"Web oficial de Emfesa","description":"","potentialAction":[{"@type":"SearchAction","target":{"@type":"EntryPoint","urlTemplate":"https:\/\/www.emfesa.es\/emfesa\/?s={search_term_string}"},"query-input":{"@type":"PropertyValueSpecification","valueRequired":true,"valueName":"search_term_string"}}],"inLanguage":"es"}]}},"uagb_featured_image_src":{"full":false,"thumbnail":false,"medium":false,"medium_large":false,"large":false,"1536x1536":false,"2048x2048":false},"uagb_author_info":{"display_name":"emfesadmin","author_link":"https:\/\/www.emfesa.es\/emfesa\/author\/emfesadmin\/"},"uagb_comment_info":0,"uagb_excerpt":"Misi\u00f3n Ser reconocidos por nuestras empresas matrices como un medio propio personificado, con capacidad de prestar servicios de forma integral a lo largo de la cadena de valor ferroviaria, con un marcado acento en el \u00e1mbito medioambiental y en la econom\u00eda circular. Visi\u00f3n Ser una sociedad mercantil estatal multiprestadora de servicios, que cubra las necesidades&hellip;","_links":{"self":[{"href":"https:\/\/www.emfesa.es\/emfesa\/wp-json\/wp\/v2\/pages\/450"}],"collection":[{"href":"https:\/\/www.emfesa.es\/emfesa\/wp-json\/wp\/v2\/pages"}],"about":[{"href":"https:\/\/www.emfesa.es\/emfesa\/wp-json\/wp\/v2\/types\/page"}],"author":[{"embeddable":true,"href":"https:\/\/www.emfesa.es\/emfesa\/wp-json\/wp\/v2\/users\/1"}],"replies":[{"embeddable":true,"href":"https:\/\/www.emfesa.es\/emfesa\/wp-json\/wp\/v2\/comments?post=450"}],"version-history":[{"count":57,"href":"https:\/\/www.emfesa.es\/emfesa\/wp-json\/wp\/v2\/pages\/450\/revisions"}],"predecessor-version":[{"id":1607,"href":"https:\/\/www.emfesa.es\/emfesa\/wp-json\/wp\/v2\/pages\/450\/revisions\/1607"}],"up":[{"embeddable":true,"href":"https:\/\/www.emfesa.es\/emfesa\/wp-json\/wp\/v2\/pages\/27"}],"wp:attachment":[{"href":"https:\/\/www.emfesa.es\/emfesa\/wp-json\/wp\/v2\/media?parent=450"}],"curies":[{"name":"wp","href":"https:\/\/api.w.org\/{rel}","templated":true}]}}